{"id":10531,"date":"2015-12-01T15:12:56","date_gmt":"2015-12-01T15:12:56","guid":{"rendered":"https:\/\/vironiakeskus.ee\/maxima-xx\/"},"modified":"2022-12-28T07:07:37","modified_gmt":"2022-12-28T07:07:37","slug":"maxima-xx","status":"publish","type":"page","link":"https:\/\/vironiakeskus.ee\/ru\/maxima-xx\/","title":{"rendered":"Maxima XX"},"content":{"rendered":"<style type=\"text\/css\"> \n#cmsmasters_row_69ecdc7dd9a667_01113625 .cmsmasters_row_outer_parent { \n\tpadding-top: 50px; \n} \n\n#cmsmasters_row_69ecdc7dd9a667_01113625 .cmsmasters_row_outer_parent { \n\tpadding-bottom: 55px; \n} \n\n \n#cmsmasters_heading_69ecdc7dd9ba62_60070476 { \n\ttext-align:left; \n\tmargin-top:30px; \n\tmargin-bottom:10px; \n} \n\n#cmsmasters_heading_69ecdc7dd9ba62_60070476 .cmsmasters_heading { \n\ttext-align:left; \n} \n\n#cmsmasters_heading_69ecdc7dd9ba62_60070476 .cmsmasters_heading, #cmsmasters_heading_69ecdc7dd9ba62_60070476 .cmsmasters_heading a { \n\tfont-weight:700; \n\tfont-style:normal; \n} \n\n#cmsmasters_heading_69ecdc7dd9ba62_60070476 .cmsmasters_heading_divider { \n} \n\n \n#cmsmasters_heading_69ecdc7dd9bba9_75284895 { \n\ttext-align:left; \n\tmargin-top:0px; \n\tmargin-bottom:30px; \n} \n\n#cmsmasters_heading_69ecdc7dd9bba9_75284895 .cmsmasters_heading { \n\ttext-align:left; \n} \n\n#cmsmasters_heading_69ecdc7dd9bba9_75284895 .cmsmasters_heading, #cmsmasters_heading_69ecdc7dd9bba9_75284895 .cmsmasters_heading a { \n\tfont-weight:700; \n\tfont-style:normal; \n} \n\n#cmsmasters_heading_69ecdc7dd9bba9_75284895 .cmsmasters_heading_divider { \n} \n\n \n#cmsmasters_heading_69ecdc7dd9bc88_35305296 { \n\ttext-align:left; \n\tmargin-top:0px; \n\tmargin-bottom:10px; \n} \n\n#cmsmasters_heading_69ecdc7dd9bc88_35305296 .cmsmasters_heading { \n\ttext-align:left; \n} \n\n#cmsmasters_heading_69ecdc7dd9bc88_35305296 .cmsmasters_heading, #cmsmasters_heading_69ecdc7dd9bc88_35305296 .cmsmasters_heading a { \n\tfont-weight:700; \n\tfont-style:normal; \n} \n\n#cmsmasters_heading_69ecdc7dd9bc88_35305296 .cmsmasters_heading_divider { \n} \n\n \n#cmsmasters_heading_69ecdc7dd9bd49_40737417 { \n\ttext-align:left; \n\tmargin-top:0px; \n\tmargin-bottom:30px; \n} \n\n#cmsmasters_heading_69ecdc7dd9bd49_40737417 .cmsmasters_heading { \n\ttext-align:left; \n} \n\n#cmsmasters_heading_69ecdc7dd9bd49_40737417 .cmsmasters_heading, #cmsmasters_heading_69ecdc7dd9bd49_40737417 .cmsmasters_heading a { \n\tfont-weight:700; \n\tfont-style:normal; \n} \n\n#cmsmasters_heading_69ecdc7dd9bd49_40737417 .cmsmasters_heading_divider { \n} \n\n \n#cmsmasters_heading_69ecdc7dd9bdf1_02730671 { \n\ttext-align:left; \n\tmargin-top:0px; \n\tmargin-bottom:10px; \n} \n\n#cmsmasters_heading_69ecdc7dd9bdf1_02730671 .cmsmasters_heading { \n\ttext-align:left; \n} \n\n#cmsmasters_heading_69ecdc7dd9bdf1_02730671 .cmsmasters_heading, #cmsmasters_heading_69ecdc7dd9bdf1_02730671 .cmsmasters_heading a { \n\tfont-weight:700; \n\tfont-style:normal; \n} \n\n#cmsmasters_heading_69ecdc7dd9bdf1_02730671 .cmsmasters_heading_divider { \n} \n\n \n#cmsmasters_heading_69ecdc7dd9bec3_22964968 { \n\ttext-align:left; \n\tmargin-top:0px; \n\tmargin-bottom:50px; \n} \n\n#cmsmasters_heading_69ecdc7dd9bec3_22964968 .cmsmasters_heading { \n\ttext-align:left; \n} \n\n#cmsmasters_heading_69ecdc7dd9bec3_22964968 .cmsmasters_heading, #cmsmasters_heading_69ecdc7dd9bec3_22964968 .cmsmasters_heading a { \n\tfont-weight:700; \n\tfont-style:normal; \n} \n\n#cmsmasters_heading_69ecdc7dd9bec3_22964968 .cmsmasters_heading_divider { \n} \n\n \n#cmsmasters_heading_69ecdc7dd9c463_62727004 { \n\ttext-align:left; \n\tmargin-top:0px; \n\tmargin-bottom:20px; \n} \n\n#cmsmasters_heading_69ecdc7dd9c463_62727004 .cmsmasters_heading { \n\ttext-align:left; \n} \n\n#cmsmasters_heading_69ecdc7dd9c463_62727004 .cmsmasters_heading, #cmsmasters_heading_69ecdc7dd9c463_62727004 .cmsmasters_heading a { \n\tfont-weight:700; \n\tfont-style:normal; \n} \n\n#cmsmasters_heading_69ecdc7dd9c463_62727004 .cmsmasters_heading_divider { \n} \n\n \n#cmsmasters_divider_69ecdc7dd9c583_68217506 { \n\tborder-bottom-width:1px; \n\tborder-bottom-style:solid; \n\tpadding-top:0px; \n\tmargin-bottom:30px; \n} \n \n#cmsmasters_divider_69ecdc7dd9d223_77536400 { \n\tborder-bottom-width:0px; \n\tborder-bottom-style:solid; \n\tpadding-top:0px; \n\tmargin-bottom:20px; \n} \n\r\n\t\t\t\t#cmsmasters_gallery_69ecdc7dd9d357_71412142 .cmsmasters_gallery {\r\n\t\t\t\t\tmargin:0 0 0 -15px;\r\n\t\t\t\t}\r\n\t\t\t\t\r\n\t\t\t\t#cmsmasters_gallery_69ecdc7dd9d357_71412142 .cmsmasters_gallery .cmsmasters_gallery_item {\r\n\t\t\t\t\tpadding:0 0 15px 15px;\r\n\t\t\t\t}\r\n\t\t\t<\/style><div id=\"cmsmasters_row_69ecdc7dd9a667_01113625\" class=\"cmsmasters_row cmsmasters_color_scheme_default cmsmasters_row_top_default cmsmasters_row_bot_default cmsmasters_row_boxed\">\n<div class=\"cmsmasters_row_outer_parent\">\n<div class=\"cmsmasters_row_outer\">\n<div class=\"cmsmasters_row_inner\">\n<div class=\"cmsmasters_row_margin\">\n<div class=\"cmsmasters_column one_fourth\">\n<div class=\"cmsmasters_img  cmsmasters_image_n\">\n<img decoding=\"async\" src=\"https:\/\/vironiakeskus.ee\/wp-content\/uploads\/2022\/05\/maxima.png\" \/>\n<\/div>\n\n<div id=\"cmsmasters_heading_69ecdc7dd9ba62_60070476\" class=\"cmsmasters_heading_wrap cmsmasters_heading_align_left\">\n\t<h3 class=\"cmsmasters_heading\">\u041e\u0442\u043a\u0440\u044b\u0442:<\/h3>\n<\/div>\n<div id=\"cmsmasters_heading_69ecdc7dd9bba9_75284895\" class=\"cmsmasters_heading_wrap cmsmasters_heading_align_left\">\n\t<h5 class=\"cmsmasters_heading\">\u041f\u043d-\u0412\u0441 8:00 &#8212; 22:00<\/h5>\n<\/div>\n<div id=\"cmsmasters_heading_69ecdc7dd9bc88_35305296\" class=\"cmsmasters_heading_wrap cmsmasters_heading_align_left\">\n\t<h3 class=\"cmsmasters_heading\">\u041a\u043e\u043d\u0442\u0430\u043a\u0442\u044b:<\/h3>\n<\/div>\n<div id=\"cmsmasters_heading_69ecdc7dd9bd49_40737417\" class=\"cmsmasters_heading_wrap cmsmasters_heading_align_left\">\n\t<h5 class=\"cmsmasters_heading\"><a href=\"tel:+37281007300\">+372 8100 7300<\/a><\/h5>\n<\/div>\n<div id=\"cmsmasters_heading_69ecdc7dd9bdf1_02730671\" class=\"cmsmasters_heading_wrap cmsmasters_heading_align_left\">\n\t<h3 class=\"cmsmasters_heading\">\u0421\u0430\u0439\u0442:<\/h3>\n<\/div>\n<div id=\"cmsmasters_heading_69ecdc7dd9bec3_22964968\" class=\"cmsmasters_heading_wrap cmsmasters_heading_align_left\">\n\t<h5 class=\"cmsmasters_heading\"><a href=\"http:\/\/www.maxima.ee\/ru\">www.maxima.ee<\/a><\/h5>\n<\/div>\n<\/div>\n<div class=\"cmsmasters_column three_fourth\">\n\n<div id=\"cmsmasters_heading_69ecdc7dd9c463_62727004\" class=\"cmsmasters_heading_wrap cmsmasters_heading_align_left\">\n\t<h1 class=\"cmsmasters_heading\">Maxima XX<\/h1>\n<\/div>\n\n<div id=\"cmsmasters_divider_69ecdc7dd9c583_68217506\" class=\"cmsmasters_divider cmsmasters_divider_width_long cmsmasters_divider_pos_center\"><\/div>\n<div class=\"cmsmasters_text\">\n<p>\u0422\u043e\u0440\u0433\u043e\u0432\u0430\u044f \u0441\u0435\u0442\u044c Maxima \u0440\u0430\u0431\u043e\u0442\u0430\u0435\u0442 \u0432 \u042d\u0441\u0442\u043e\u043d\u0438\u0438 \u0441 2001 \u0433\u043e\u0434\u0430. \u0421\u0435\u0442\u0438 \u043f\u0440\u0438\u043d\u0430\u0434\u043b\u0435\u0436\u0430\u0442 83 \u043c\u0430\u0433\u0430\u0437\u0438\u043d\u0430 \u043f\u043e \u0432\u0441\u0435\u0439 \u042d\u0441\u0442\u043e\u043d\u0438\u0438, \u0438\u0437 \u043d\u0438\u0445 58 \u043c\u0430\u0433\u0430\u0437\u0438\u043d\u043e\u0432 &#171;\u0434\u043e\u043c\u0430\u0448\u043d\u0438\u0439&#187; Maxima X, 22 &#171;\u0441\u0443\u043f\u0435\u0440\u043c\u0430\u0440\u043a\u0435\u0442&#187; Maxima XX, 3 &#171;\u0433\u0438\u043f\u0435\u0440\u043c\u0430\u0440\u043a\u0435\u0442&#187; Maxima XXX. \u0412 \u0441\u043e\u0441\u0442\u0430\u0432 \u0440\u043e\u0437\u043d\u0438\u0447\u043d\u043e\u0439 \u0441\u0435\u0442\u0438 \u0442\u0430\u043a\u0436\u0435 \u0432\u0445\u043e\u0434\u044f\u0442 12 \u043f\u0440\u043e\u0438\u0437\u0432\u043e\u0434\u0441\u0442\u0432\u0435\u043d\u043d\u044b\u0445 \u0446\u0435\u0445\u043e\u0432 \u0438 \u043b\u043e\u0433\u0438\u0441\u0442\u0438\u0447\u0435\u0441\u043a\u0438\u0439 \u0446\u0435\u043d\u0442\u0440. \u0414\u043b\u044f Maxima \u0432\u0430\u0436\u043d\u043e \u043f\u0440\u0435\u0434\u043b\u0430\u0433\u0430\u0442\u044c \u043f\u043e\u043a\u0443\u043f\u0430\u0442\u0435\u043b\u044f\u043c \u043a\u0430\u0447\u0435\u0441\u0442\u0432\u0435\u043d\u043d\u044b\u0435 \u0438 \u042d\u0441\u0442\u043e\u043d\u0441\u043a\u0438\u0435 \u043f\u0440\u043e\u0434\u0443\u043a\u0442\u044b \u043f\u0438\u0442\u0430\u043d\u0438\u044f.<\/p>\n<p>\u0412 2018 \u0433\u043e\u0434\u0443 \u00ab\u041c\u0430\u043a\u0441\u0438\u043c\u0430\u00bb \u0441\u0442\u0430\u043b\u0430 \u043f\u0435\u0440\u0432\u043e\u0439 \u0440\u043e\u0437\u043d\u0438\u0447\u043d\u043e\u0439 \u0441\u0435\u0442\u044c\u044e, \u043e\u0442\u043a\u0440\u044b\u0432\u0448\u0435\u0439 \u0438\u043d\u0442\u0435\u0440\u043d\u0435\u0442-\u043c\u0430\u0433\u0430\u0437\u0438\u043d \u043f\u0440\u043e\u0434\u0443\u043a\u0442\u043e\u0432 \u0438 \u0442\u043e\u0432\u0430\u0440\u043e\u0432 \u043d\u0430\u0440\u043e\u0434\u043d\u043e\u0433\u043e \u043f\u043e\u0442\u0440\u0435\u0431\u043b\u0435\u043d\u0438\u044f e-Maxima, \u043a\u043e\u0442\u043e\u0440\u044b\u0439 \u0441\u0442\u0430\u043b \u043f\u0435\u0440\u0432\u044b\u043c \u0432 2018 \u0433\u043e\u0434\u0443. \u0441 \u043d\u0430\u0437\u0432\u0430\u043d\u0438\u0435\u043c Barbora. 2020. \u0412 2018 \u0433\u043e\u0434\u0443 \u043c\u044b \u0437\u0430\u043f\u0443\u0441\u0442\u0438\u043b\u0438 \u043f\u0435\u0440\u0432\u044b\u0439 \u043c\u043e\u0431\u0438\u043b\u044c\u043d\u044b\u0439 \u043f\u0443\u043b\u044c\u0442 \u0434\u043b\u044f \u043f\u043e\u043a\u0443\u043f\u043e\u043a \u0432 \u042d\u0441\u0442\u043e\u043d\u0438\u0438, \u043a\u043e\u0442\u043e\u0440\u044b\u0439 \u0442\u0430\u043a\u0436\u0435 \u043f\u043e\u043b\u0443\u0447\u0438\u043b \u043d\u0430\u0433\u0440\u0430\u0434\u0443 \u0432 2020 \u0433\u043e\u0434\u0443. \u0438 \u043f\u043e\u043b\u0443\u0447\u0438\u043b \u0442\u0438\u0442\u0443\u043b \u0433\u043e\u0434\u0430.<\/p>\n<p>Maxima \u0446\u0435\u043d\u0438\u0442 \u043a\u0430\u0436\u0434\u0443\u044e \u044d\u0441\u0442\u043e\u043d\u0441\u043a\u0443\u044e \u0441\u0435\u043c\u044c\u044e \u0438 \u0438\u0445 \u0432\u0440\u0435\u043c\u044f. \u041c\u044b \u0440\u0430\u0431\u043e\u0442\u0430\u0435\u043c \u043a\u0430\u043a \u0435\u0434\u0438\u043d\u0430\u044f \u043a\u043e\u043c\u0430\u043d\u0434\u0430, \u0447\u0442\u043e\u0431\u044b \u043a\u0430\u0436\u0434\u0430\u044f \u0441\u0435\u043c\u044c\u044f \u043c\u043e\u0433\u043b\u0430 \u043a\u0443\u043f\u0438\u0442\u044c \u0432 \u043d\u0430\u0448\u0438\u0445 \u043c\u0430\u0433\u0430\u0437\u0438\u043d\u0430\u0445 \u0438\u043c\u0435\u043d\u043d\u043e \u0442\u043e, \u0447\u0442\u043e \u0435\u0439 \u043d\u0443\u0436\u043d\u043e. \u041c\u044b \u0440\u0430\u0431\u043e\u0442\u0430\u0435\u043c \u043a\u0430\u0436\u0434\u044b\u0439 \u0434\u0435\u043d\u044c, \u0447\u0442\u043e\u0431\u044b \u0442\u043e, \u0447\u0442\u043e \u0432\u0430\u043c \u043d\u0443\u0436\u043d\u043e, \u0432\u0441\u0435\u0433\u0434\u0430 \u0431\u044b\u043b\u043e \u0441\u0432\u0435\u0436\u0438\u043c \u0438 \u043f\u043e \u043d\u0438\u0437\u043a\u043e\u0439 \u0446\u0435\u043d\u0435.<\/p>\n<p>\u0421 \u0434\u0435\u0448\u0435\u0432\u043e\u0439 \u0442\u0435\u043b\u0435\u0436\u043a\u043e\u0439 \u0434\u043b\u044f \u043f\u043e\u043a\u0443\u043f\u043e\u043a \u0432\u044b \u044d\u043a\u043e\u043d\u043e\u043c\u0438\u0442\u0435 \u0431\u043e\u043b\u044c\u0448\u0435 \u0438, \u0442\u0430\u043a\u0438\u043c \u043e\u0431\u0440\u0430\u0437\u043e\u043c, \u0443 \u0432\u0430\u0441 \u0435\u0441\u0442\u044c \u0431\u043e\u043b\u044c\u0448\u0435 \u0434\u0435\u043d\u0435\u0433 \u0438 \u0432\u0440\u0435\u043c\u0435\u043d\u0438 \u0434\u043b\u044f \u0443\u0434\u043e\u0432\u043b\u0435\u0442\u0432\u043e\u0440\u0435\u043d\u0438\u044f \u043f\u043e\u0442\u0440\u0435\u0431\u043d\u043e\u0441\u0442\u0435\u0439 \u0432\u0430\u0448\u0435\u0439 \u0441\u0435\u043c\u044c\u0438. \u0412 \u0434\u043e\u043f\u043e\u043b\u043d\u0435\u043d\u0438\u0435 \u043a \u0434\u0435\u0448\u0435\u0432\u043e\u0439 \u0446\u0435\u043d\u0435 \u043c\u044b \u0442\u0430\u043a\u0436\u0435 \u043f\u0440\u0435\u0434\u043b\u0430\u0433\u0430\u0435\u043c \u0432\u043e\u0437\u043c\u043e\u0436\u043d\u043e\u0441\u0442\u044c \u0431\u044b\u0441\u0442\u0440\u043e\u0439 \u0438 \u0431\u0435\u0441\u043a\u043e\u043d\u0442\u0430\u043a\u0442\u043d\u043e\u0439 \u043f\u043e\u043a\u0443\u043f\u043a\u0438 &#8212; \u043f\u0440\u0438\u043b\u043e\u0436\u0435\u043d\u0438\u0435 Maxima &#8212; \u044d\u0442\u043e \u0442\u043e, \u0447\u0442\u043e \u0432\u0430\u043c \u043d\u0443\u0436\u043d\u043e, \u0435\u0441\u043b\u0438 \u0432\u044b \u0446\u0435\u043d\u0438\u0442\u0435 \u0441\u0432\u043e\u0435 \u0432\u0440\u0435\u043c\u044f \u0438 \u0431\u0435\u0437\u043e\u043f\u0430\u0441\u043d\u043e\u0441\u0442\u044c \u043f\u0440\u0438 \u0441\u043e\u0432\u0435\u0440\u0448\u0435\u043d\u0438\u0438 \u043f\u043e\u043a\u0443\u043f\u043e\u043a.<\/p>\n<\/div>\n<div class=\"aligncenter\">\n<div class=\"cmsmasters_img  cmsmasters_image_c hover\">\n<a href=\"https:\/\/vironiakeskus.ee\/ru\/%d0%ba%d0%b0%d1%80%d1%82%d0%b0-%d1%86%d0%b5%d0%bd%d1%82%d1%80%d0%b0-vironia\/?location=pind40\"><img decoding=\"async\" src=\"https:\/\/vironiakeskus.ee\/wp-content\/uploads\/2022\/07\/kaart_rus.png\" \/><\/a>\n<\/div>\n<\/div>\n\n<div id=\"cmsmasters_divider_69ecdc7dd9d223_77536400\" class=\"cl\"><\/div>\n<div id=\"cmsmasters_gallery_69ecdc7dd9d357_71412142\" class=\"cmsmasters_gallery_wrap\"><ul class=\"cmsmasters_gallery cmsmasters_3 cmsmasters_more_items_loader\"><li class=\"cmsmasters_gallery_item\"><figure><a href=\"\" rel=\"ilightbox[69ecdc7dd9d357_71412142]\"><\/a><\/figure><\/li><li class=\"cmsmasters_gallery_item\"><figure><a href=\"\" rel=\"ilightbox[69ecdc7dd9d357_71412142]\"><\/a><\/figure><\/li><li class=\"cmsmasters_gallery_item\"><figure><a href=\"\" rel=\"ilightbox[69ecdc7dd9d357_71412142]\"><\/a><\/figure><\/li><\/ul><script type=\"text\/javascript\">\r\n\t\t\t\tjQuery(document).ready(function () {\r\n\t\t\t\t\t(function ($) {\r\n\t\t\t\t\t\tif ($('#cmsmasters_gallery_69ecdc7dd9d357_71412142').find('.cmsmasters_gallery_item').length == '0') {\r\n\t\t\t\t\t\t\treturn false;\r\n\t\t\t\t\t\t}\r\n\t\t\t\t\t\t\r\n\t\t\t\t\t\t\r\n\t\t\t\t\t\tstartGallery( \r\n\t\t\t\t\t\t\t'69ecdc7dd9d357_71412142', \r\n\t\t\t\t\t\t\t'grid', \r\n\t\t\t\t\t\t\t'false', \r\n\t\t\t\t\t\t\t'false' \r\n\t\t\t\t\t\t);\r\n\t\t\t\t\t} )(jQuery);\r\n\t\t\t\t} );\r\n\t\t\t<\/script>\r\n\t\t\t<\/div>\n<\/div>\n<\/div>\n<\/div>\n<\/div>\n<\/div>\n<\/div>\n\n","protected":false},"excerpt":{"rendered":"","protected":false},"author":1,"featured_media":0,"parent":0,"menu_order":0,"comment_status":"closed","ping_status":"closed","template":"","meta":{"footnotes":""},"class_list":["post-10531","page","type-page","status-publish","hentry"],"yoast_head":"<!-- This site is optimized with the Yoast SEO plugin v25.9 - https:\/\/yoast.com\/wordpress\/plugins\/seo\/ -->\n<title>Maxima XX | \u0426\u0435\u043d\u0442\u0435\u0440 Vironia<\/title>\n<meta name=\"description\" content=\"\u00dcks suurimaid kaubanduskeskusi Ida-Virumaal. Enam kui 30 erinevat kauplust - toidukaubad, restoranid, ilukaubad, r\u00f5ivad, jalan\u00f5ud, elektroonika, ehitusmaterjalid ja palju muud. Oleme avatud iga p\u00e4ev 8-st kuni 22-ni.\" \/>\n<meta name=\"robots\" content=\"index, follow, max-snippet:-1, max-image-preview:large, max-video-preview:-1\" \/>\n<link rel=\"canonical\" href=\"https:\/\/vironiakeskus.ee\/ru\/maxima-xx\/\" \/>\n<meta property=\"og:locale\" content=\"ru_RU\" \/>\n<meta property=\"og:type\" content=\"article\" \/>\n<meta property=\"og:title\" content=\"Maxima XX | \u0426\u0435\u043d\u0442\u0435\u0440 Vironia\" \/>\n<meta property=\"og:description\" content=\"\u00dcks suurimaid kaubanduskeskusi Ida-Virumaal. Enam kui 30 erinevat kauplust - toidukaubad, restoranid, ilukaubad, r\u00f5ivad, jalan\u00f5ud, elektroonika, ehitusmaterjalid ja palju muud. Oleme avatud iga p\u00e4ev 8-st kuni 22-ni.\" \/>\n<meta property=\"og:url\" content=\"https:\/\/vironiakeskus.ee\/ru\/maxima-xx\/\" \/>\n<meta property=\"og:site_name\" content=\"\u0426\u0435\u043d\u0442\u0435\u0440 Vironia\" \/>\n<meta property=\"article:modified_time\" content=\"2022-12-28T07:07:37+00:00\" \/>\n<meta name=\"twitter:card\" content=\"summary_large_image\" \/>\n<meta name=\"twitter:label1\" content=\"\u041f\u0440\u0438\u043c\u0435\u0440\u043d\u043e\u0435 \u0432\u0440\u0435\u043c\u044f \u0434\u043b\u044f \u0447\u0442\u0435\u043d\u0438\u044f\" \/>\n\t<meta name=\"twitter:data1\" content=\"2 \u043c\u0438\u043d\u0443\u0442\u044b\" \/>\n<script type=\"application\/ld+json\" class=\"yoast-schema-graph\">{\"@context\":\"https:\/\/schema.org\",\"@graph\":[{\"@type\":\"WebPage\",\"@id\":\"https:\/\/vironiakeskus.ee\/ru\/maxima-xx\/\",\"url\":\"https:\/\/vironiakeskus.ee\/ru\/maxima-xx\/\",\"name\":\"Maxima XX | \u0426\u0435\u043d\u0442\u0435\u0440 Vironia\",\"isPartOf\":{\"@id\":\"https:\/\/vironiakeskus.ee\/ru\/#website\"},\"datePublished\":\"2015-12-01T15:12:56+00:00\",\"dateModified\":\"2022-12-28T07:07:37+00:00\",\"description\":\"\u00dcks suurimaid kaubanduskeskusi Ida-Virumaal. Enam kui 30 erinevat kauplust - toidukaubad, restoranid, ilukaubad, r\u00f5ivad, jalan\u00f5ud, elektroonika, ehitusmaterjalid ja palju muud. Oleme avatud iga p\u00e4ev 8-st kuni 22-ni.\",\"breadcrumb\":{\"@id\":\"https:\/\/vironiakeskus.ee\/ru\/maxima-xx\/#breadcrumb\"},\"inLanguage\":\"ru-RU\",\"potentialAction\":[{\"@type\":\"ReadAction\",\"target\":[\"https:\/\/vironiakeskus.ee\/ru\/maxima-xx\/\"]}]},{\"@type\":\"BreadcrumbList\",\"@id\":\"https:\/\/vironiakeskus.ee\/ru\/maxima-xx\/#breadcrumb\",\"itemListElement\":[{\"@type\":\"ListItem\",\"position\":1,\"name\":\"\u0413\u043b\u0430\u0432\u043d\u0430\u044f\",\"item\":\"https:\/\/vironiakeskus.ee\/ru\/\"},{\"@type\":\"ListItem\",\"position\":2,\"name\":\"Maxima XX\"}]},{\"@type\":\"WebSite\",\"@id\":\"https:\/\/vironiakeskus.ee\/ru\/#website\",\"url\":\"https:\/\/vironiakeskus.ee\/ru\/\",\"name\":\"\u0426\u0435\u043d\u0442\u0435\u0440 Vironia\",\"description\":\"\u0414\u0435\u043b\u0430\u0439\u0442\u0435 \u043f\u043e\u043a\u0443\u043f\u043a\u0438 \u0443 \u043d\u0430\u0441!\",\"potentialAction\":[{\"@type\":\"SearchAction\",\"target\":{\"@type\":\"EntryPoint\",\"urlTemplate\":\"https:\/\/vironiakeskus.ee\/ru\/?s={search_term_string}\"},\"query-input\":{\"@type\":\"PropertyValueSpecification\",\"valueRequired\":true,\"valueName\":\"search_term_string\"}}],\"inLanguage\":\"ru-RU\"}]}<\/script>\n<!-- \/ Yoast SEO plugin. -->","yoast_head_json":{"title":"Maxima XX | \u0426\u0435\u043d\u0442\u0435\u0440 Vironia","description":"\u00dcks suurimaid kaubanduskeskusi Ida-Virumaal. Enam kui 30 erinevat kauplust - toidukaubad, restoranid, ilukaubad, r\u00f5ivad, jalan\u00f5ud, elektroonika, ehitusmaterjalid ja palju muud. Oleme avatud iga p\u00e4ev 8-st kuni 22-ni.","robots":{"index":"index","follow":"follow","max-snippet":"max-snippet:-1","max-image-preview":"max-image-preview:large","max-video-preview":"max-video-preview:-1"},"canonical":"https:\/\/vironiakeskus.ee\/ru\/maxima-xx\/","og_locale":"ru_RU","og_type":"article","og_title":"Maxima XX | \u0426\u0435\u043d\u0442\u0435\u0440 Vironia","og_description":"\u00dcks suurimaid kaubanduskeskusi Ida-Virumaal. Enam kui 30 erinevat kauplust - toidukaubad, restoranid, ilukaubad, r\u00f5ivad, jalan\u00f5ud, elektroonika, ehitusmaterjalid ja palju muud. Oleme avatud iga p\u00e4ev 8-st kuni 22-ni.","og_url":"https:\/\/vironiakeskus.ee\/ru\/maxima-xx\/","og_site_name":"\u0426\u0435\u043d\u0442\u0435\u0440 Vironia","article_modified_time":"2022-12-28T07:07:37+00:00","twitter_card":"summary_large_image","twitter_misc":{"\u041f\u0440\u0438\u043c\u0435\u0440\u043d\u043e\u0435 \u0432\u0440\u0435\u043c\u044f \u0434\u043b\u044f \u0447\u0442\u0435\u043d\u0438\u044f":"2 \u043c\u0438\u043d\u0443\u0442\u044b"},"schema":{"@context":"https:\/\/schema.org","@graph":[{"@type":"WebPage","@id":"https:\/\/vironiakeskus.ee\/ru\/maxima-xx\/","url":"https:\/\/vironiakeskus.ee\/ru\/maxima-xx\/","name":"Maxima XX | \u0426\u0435\u043d\u0442\u0435\u0440 Vironia","isPartOf":{"@id":"https:\/\/vironiakeskus.ee\/ru\/#website"},"datePublished":"2015-12-01T15:12:56+00:00","dateModified":"2022-12-28T07:07:37+00:00","description":"\u00dcks suurimaid kaubanduskeskusi Ida-Virumaal. Enam kui 30 erinevat kauplust - toidukaubad, restoranid, ilukaubad, r\u00f5ivad, jalan\u00f5ud, elektroonika, ehitusmaterjalid ja palju muud. Oleme avatud iga p\u00e4ev 8-st kuni 22-ni.","breadcrumb":{"@id":"https:\/\/vironiakeskus.ee\/ru\/maxima-xx\/#breadcrumb"},"inLanguage":"ru-RU","potentialAction":[{"@type":"ReadAction","target":["https:\/\/vironiakeskus.ee\/ru\/maxima-xx\/"]}]},{"@type":"BreadcrumbList","@id":"https:\/\/vironiakeskus.ee\/ru\/maxima-xx\/#breadcrumb","itemListElement":[{"@type":"ListItem","position":1,"name":"\u0413\u043b\u0430\u0432\u043d\u0430\u044f","item":"https:\/\/vironiakeskus.ee\/ru\/"},{"@type":"ListItem","position":2,"name":"Maxima XX"}]},{"@type":"WebSite","@id":"https:\/\/vironiakeskus.ee\/ru\/#website","url":"https:\/\/vironiakeskus.ee\/ru\/","name":"\u0426\u0435\u043d\u0442\u0435\u0440 Vironia","description":"\u0414\u0435\u043b\u0430\u0439\u0442\u0435 \u043f\u043e\u043a\u0443\u043f\u043a\u0438 \u0443 \u043d\u0430\u0441!","potentialAction":[{"@type":"SearchAction","target":{"@type":"EntryPoint","urlTemplate":"https:\/\/vironiakeskus.ee\/ru\/?s={search_term_string}"},"query-input":{"@type":"PropertyValueSpecification","valueRequired":true,"valueName":"search_term_string"}}],"inLanguage":"ru-RU"}]}},"_links":{"self":[{"href":"https:\/\/vironiakeskus.ee\/ru\/wp-json\/wp\/v2\/pages\/10531","targetHints":{"allow":["GET"]}}],"collection":[{"href":"https:\/\/vironiakeskus.ee\/ru\/wp-json\/wp\/v2\/pages"}],"about":[{"href":"https:\/\/vironiakeskus.ee\/ru\/wp-json\/wp\/v2\/types\/page"}],"author":[{"embeddable":true,"href":"https:\/\/vironiakeskus.ee\/ru\/wp-json\/wp\/v2\/users\/1"}],"replies":[{"embeddable":true,"href":"https:\/\/vironiakeskus.ee\/ru\/wp-json\/wp\/v2\/comments?post=10531"}],"version-history":[{"count":8,"href":"https:\/\/vironiakeskus.ee\/ru\/wp-json\/wp\/v2\/pages\/10531\/revisions"}],"predecessor-version":[{"id":25326,"href":"https:\/\/vironiakeskus.ee\/ru\/wp-json\/wp\/v2\/pages\/10531\/revisions\/25326"}],"wp:attachment":[{"href":"https:\/\/vironiakeskus.ee\/ru\/wp-json\/wp\/v2\/media?parent=10531"}],"curies":[{"name":"wp","href":"https:\/\/api.w.org\/{rel}","templated":true}]}}