{"id":10971,"date":"2022-07-14T10:40:43","date_gmt":"2022-07-14T10:40:43","guid":{"rendered":"https:\/\/vironiakeskus.ee\/?page_id=10971"},"modified":"2023-02-08T11:32:48","modified_gmt":"2023-02-08T11:32:48","slug":"kamill-pluss","status":"publish","type":"page","link":"https:\/\/vironiakeskus.ee\/ru\/kamill-pluss\/","title":{"rendered":"Kamill Pluss"},"content":{"rendered":"<style type=\"text\/css\"> \n#cmsmasters_row_69e9f4c2ad2dd4_06809758 .cmsmasters_row_outer_parent { \n\tpadding-top: 50px; \n} \n\n#cmsmasters_row_69e9f4c2ad2dd4_06809758 .cmsmasters_row_outer_parent { \n\tpadding-bottom: 55px; \n} \n\n \n#cmsmasters_heading_69e9f4c2ad40b8_59393998 { \n\ttext-align:left; \n\tmargin-top:30px; \n\tmargin-bottom:10px; \n} \n\n#cmsmasters_heading_69e9f4c2ad40b8_59393998 .cmsmasters_heading { \n\ttext-align:left; \n} \n\n#cmsmasters_heading_69e9f4c2ad40b8_59393998 .cmsmasters_heading, #cmsmasters_heading_69e9f4c2ad40b8_59393998 .cmsmasters_heading a { \n\tfont-weight:700; \n\tfont-style:normal; \n} \n\n#cmsmasters_heading_69e9f4c2ad40b8_59393998 .cmsmasters_heading_divider { \n} \n\n \n#cmsmasters_heading_69e9f4c2ad41e4_56449514 { \n\ttext-align:left; \n\tmargin-top:0px; \n\tmargin-bottom:30px; \n} \n\n#cmsmasters_heading_69e9f4c2ad41e4_56449514 .cmsmasters_heading { \n\ttext-align:left; \n} \n\n#cmsmasters_heading_69e9f4c2ad41e4_56449514 .cmsmasters_heading, #cmsmasters_heading_69e9f4c2ad41e4_56449514 .cmsmasters_heading a { \n\tfont-weight:700; \n\tfont-style:normal; \n} \n\n#cmsmasters_heading_69e9f4c2ad41e4_56449514 .cmsmasters_heading_divider { \n} \n\n \n#cmsmasters_heading_69e9f4c2ad42b1_18062912 { \n\ttext-align:left; \n\tmargin-top:0px; \n\tmargin-bottom:30px; \n} \n\n#cmsmasters_heading_69e9f4c2ad42b1_18062912 .cmsmasters_heading { \n\ttext-align:left; \n} \n\n#cmsmasters_heading_69e9f4c2ad42b1_18062912 .cmsmasters_heading, #cmsmasters_heading_69e9f4c2ad42b1_18062912 .cmsmasters_heading a { \n\tfont-weight:700; \n\tfont-style:normal; \n} \n\n#cmsmasters_heading_69e9f4c2ad42b1_18062912 .cmsmasters_heading_divider { \n} \n\n \n#cmsmasters_heading_69e9f4c2ad4385_22701759 { \n\ttext-align:left; \n\tmargin-top:0px; \n\tmargin-bottom:10px; \n} \n\n#cmsmasters_heading_69e9f4c2ad4385_22701759 .cmsmasters_heading { \n\ttext-align:left; \n} \n\n#cmsmasters_heading_69e9f4c2ad4385_22701759 .cmsmasters_heading, #cmsmasters_heading_69e9f4c2ad4385_22701759 .cmsmasters_heading a { \n\tfont-weight:700; \n\tfont-style:normal; \n} \n\n#cmsmasters_heading_69e9f4c2ad4385_22701759 .cmsmasters_heading_divider { \n} \n\n \n#cmsmasters_heading_69e9f4c2ad4447_39016687 { \n\ttext-align:left; \n\tmargin-top:0px; \n\tmargin-bottom:30px; \n} \n\n#cmsmasters_heading_69e9f4c2ad4447_39016687 .cmsmasters_heading { \n\ttext-align:left; \n} \n\n#cmsmasters_heading_69e9f4c2ad4447_39016687 .cmsmasters_heading, #cmsmasters_heading_69e9f4c2ad4447_39016687 .cmsmasters_heading a { \n\tfont-weight:700; \n\tfont-style:normal; \n} \n\n#cmsmasters_heading_69e9f4c2ad4447_39016687 .cmsmasters_heading_divider { \n} \n\n \n#cmsmasters_heading_69e9f4c2ad4503_12647119 { \n\ttext-align:left; \n\tmargin-top:0px; \n\tmargin-bottom:10px; \n} \n\n#cmsmasters_heading_69e9f4c2ad4503_12647119 .cmsmasters_heading { \n\ttext-align:left; \n} \n\n#cmsmasters_heading_69e9f4c2ad4503_12647119 .cmsmasters_heading, #cmsmasters_heading_69e9f4c2ad4503_12647119 .cmsmasters_heading a { \n\tfont-weight:700; \n\tfont-style:normal; \n} \n\n#cmsmasters_heading_69e9f4c2ad4503_12647119 .cmsmasters_heading_divider { \n} \n\n \n#cmsmasters_heading_69e9f4c2ad45c9_01995825 { \n\ttext-align:left; \n\tmargin-top:0px; \n\tmargin-bottom:50px; \n} \n\n#cmsmasters_heading_69e9f4c2ad45c9_01995825 .cmsmasters_heading { \n\ttext-align:left; \n} \n\n#cmsmasters_heading_69e9f4c2ad45c9_01995825 .cmsmasters_heading, #cmsmasters_heading_69e9f4c2ad45c9_01995825 .cmsmasters_heading a { \n\tfont-weight:700; \n\tfont-style:normal; \n} \n\n#cmsmasters_heading_69e9f4c2ad45c9_01995825 .cmsmasters_heading_divider { \n} \n\n \n#cmsmasters_heading_69e9f4c2ad4a32_48178968 { \n\ttext-align:left; \n\tmargin-top:0px; \n\tmargin-bottom:20px; \n} \n\n#cmsmasters_heading_69e9f4c2ad4a32_48178968 .cmsmasters_heading { \n\ttext-align:left; \n} \n\n#cmsmasters_heading_69e9f4c2ad4a32_48178968 .cmsmasters_heading, #cmsmasters_heading_69e9f4c2ad4a32_48178968 .cmsmasters_heading a { \n\tfont-weight:700; \n\tfont-style:normal; \n} \n\n#cmsmasters_heading_69e9f4c2ad4a32_48178968 .cmsmasters_heading_divider { \n} \n\n \n#cmsmasters_divider_69e9f4c2ad4b29_88415679 { \n\tborder-bottom-width:1px; \n\tborder-bottom-style:solid; \n\tpadding-top:0px; \n\tmargin-bottom:30px; \n} \n \n#cmsmasters_divider_69e9f4c2ad4d04_18827389 { \n\tborder-bottom-width:0px; \n\tborder-bottom-style:solid; \n\tpadding-top:0px; \n\tmargin-bottom:20px; \n} \n\r\n\t\t\t\t#cmsmasters_gallery_69e9f4c2ad4df8_01372145 .cmsmasters_gallery {\r\n\t\t\t\t\tmargin:0 0 0 -15px;\r\n\t\t\t\t}\r\n\t\t\t\t\r\n\t\t\t\t#cmsmasters_gallery_69e9f4c2ad4df8_01372145 .cmsmasters_gallery .cmsmasters_gallery_item {\r\n\t\t\t\t\tpadding:0 0 15px 15px;\r\n\t\t\t\t}\r\n\t\t\t<\/style><div id=\"cmsmasters_row_69e9f4c2ad2dd4_06809758\" class=\"cmsmasters_row cmsmasters_color_scheme_default cmsmasters_row_top_default cmsmasters_row_bot_default cmsmasters_row_boxed\">\n<div class=\"cmsmasters_row_outer_parent\">\n<div class=\"cmsmasters_row_outer\">\n<div class=\"cmsmasters_row_inner\">\n<div class=\"cmsmasters_row_margin\">\n<div class=\"cmsmasters_column one_fourth\">\n<div class=\"cmsmasters_img  cmsmasters_image_n\">\n<img decoding=\"async\" src=\"https:\/\/vironiakeskus.ee\/wp-content\/uploads\/2022\/05\/KamillPluss.png\" \/>\n<\/div>\n\n<div id=\"cmsmasters_heading_69e9f4c2ad40b8_59393998\" class=\"cmsmasters_heading_wrap cmsmasters_heading_align_left\">\n\t<h3 class=\"cmsmasters_heading\">\u041e\u0442\u043a\u0440\u044b\u0442:<\/h3>\n<\/div>\n<div id=\"cmsmasters_heading_69e9f4c2ad41e4_56449514\" class=\"cmsmasters_heading_wrap cmsmasters_heading_align_left\">\n\t<h5 class=\"cmsmasters_heading\">\u041f\u043d-\u0421\u0431 10:00 &#8212; 19:00<\/h5>\n<\/div>\n<div id=\"cmsmasters_heading_69e9f4c2ad42b1_18062912\" class=\"cmsmasters_heading_wrap cmsmasters_heading_align_left\">\n\t<h5 class=\"cmsmasters_heading\">\u0412\u0441 10:00 &#8212; 18:00<\/h5>\n<\/div>\n<div id=\"cmsmasters_heading_69e9f4c2ad4385_22701759\" class=\"cmsmasters_heading_wrap cmsmasters_heading_align_left\">\n\t<h3 class=\"cmsmasters_heading\">\u041a\u043e\u043d\u0442\u0430\u043a\u0442\u044b:<\/h3>\n<\/div>\n<div id=\"cmsmasters_heading_69e9f4c2ad4447_39016687\" class=\"cmsmasters_heading_wrap cmsmasters_heading_align_left\">\n\t<h5 class=\"cmsmasters_heading\"><a href=\"tel:+3723350999\">+372 335 0999<\/a><\/h5>\n<\/div>\n<div id=\"cmsmasters_heading_69e9f4c2ad4503_12647119\" class=\"cmsmasters_heading_wrap cmsmasters_heading_align_left\">\n\t<h3 class=\"cmsmasters_heading\">\u042d-\u043f\u043e\u0447\u0442\u0430:<\/h3>\n<\/div>\n<div id=\"cmsmasters_heading_69e9f4c2ad45c9_01995825\" class=\"cmsmasters_heading_wrap cmsmasters_heading_align_left\">\n\t<h5 class=\"cmsmasters_heading\"><a href=\"mailto:info@kamillpluss.ee\">info@kamillpluss.ee<\/a><\/h5>\n<\/div>\n<\/div>\n<div class=\"cmsmasters_column three_fourth\">\n\n<div id=\"cmsmasters_heading_69e9f4c2ad4a32_48178968\" class=\"cmsmasters_heading_wrap cmsmasters_heading_align_left\">\n\t<h1 class=\"cmsmasters_heading\">Kamill Pluss<\/h1>\n<\/div>\n\n<div id=\"cmsmasters_divider_69e9f4c2ad4b29_88415679\" class=\"cmsmasters_divider cmsmasters_divider_width_long cmsmasters_divider_pos_center\"><\/div>\n<div class=\"cmsmasters_text\">\n<p><\/p>\n<\/div>\n\n<div id=\"cmsmasters_divider_69e9f4c2ad4d04_18827389\" class=\"cl\"><\/div>\n<div id=\"cmsmasters_gallery_69e9f4c2ad4df8_01372145\" class=\"cmsmasters_gallery_wrap\"><ul class=\"cmsmasters_gallery cmsmasters_3 cmsmasters_more_items_loader\"><li class=\"cmsmasters_gallery_item\"><figure><a href=\"\" rel=\"ilightbox[69e9f4c2ad4df8_01372145]\"><\/a><\/figure><\/li><li class=\"cmsmasters_gallery_item\"><figure><a href=\"\" rel=\"ilightbox[69e9f4c2ad4df8_01372145]\"><\/a><\/figure><\/li><li class=\"cmsmasters_gallery_item\"><figure><a href=\"\" rel=\"ilightbox[69e9f4c2ad4df8_01372145]\"><\/a><\/figure><\/li><\/ul><script type=\"text\/javascript\">\r\n\t\t\t\tjQuery(document).ready(function () {\r\n\t\t\t\t\t(function ($) {\r\n\t\t\t\t\t\tif ($('#cmsmasters_gallery_69e9f4c2ad4df8_01372145').find('.cmsmasters_gallery_item').length == '0') {\r\n\t\t\t\t\t\t\treturn false;\r\n\t\t\t\t\t\t}\r\n\t\t\t\t\t\t\r\n\t\t\t\t\t\t\r\n\t\t\t\t\t\tstartGallery( \r\n\t\t\t\t\t\t\t'69e9f4c2ad4df8_01372145', \r\n\t\t\t\t\t\t\t'grid', \r\n\t\t\t\t\t\t\t'false', \r\n\t\t\t\t\t\t\t'false' \r\n\t\t\t\t\t\t);\r\n\t\t\t\t\t} )(jQuery);\r\n\t\t\t\t} );\r\n\t\t\t<\/script>\r\n\t\t\t<\/div>\n<\/div>\n<\/div>\n<\/div>\n<\/div>\n<\/div>\n<\/div>\n\n","protected":false},"excerpt":{"rendered":"","protected":false},"author":1,"featured_media":0,"parent":0,"menu_order":0,"comment_status":"closed","ping_status":"closed","template":"","meta":{"footnotes":""},"class_list":["post-10971","page","type-page","status-publish","hentry"],"yoast_head":"<!-- This site is optimized with the Yoast SEO plugin v25.9 - https:\/\/yoast.com\/wordpress\/plugins\/seo\/ -->\n<title>Kamill Pluss | \u0426\u0435\u043d\u0442\u0435\u0440 Vironia<\/title>\n<meta name=\"description\" content=\"\u00dcks suurimaid kaubanduskeskusi Ida-Virumaal. Enam kui 30 erinevat kauplust - toidukaubad, restoranid, ilukaubad, r\u00f5ivad, jalan\u00f5ud, elektroonika, ehitusmaterjalid ja palju muud. Oleme avatud iga p\u00e4ev 8-st kuni 22-ni.\" \/>\n<meta name=\"robots\" content=\"index, follow, max-snippet:-1, max-image-preview:large, max-video-preview:-1\" \/>\n<link rel=\"canonical\" href=\"https:\/\/vironiakeskus.ee\/ru\/kamill-pluss\/\" \/>\n<meta property=\"og:locale\" content=\"ru_RU\" \/>\n<meta property=\"og:type\" content=\"article\" \/>\n<meta property=\"og:title\" content=\"Kamill Pluss | \u0426\u0435\u043d\u0442\u0435\u0440 Vironia\" \/>\n<meta property=\"og:description\" content=\"\u00dcks suurimaid kaubanduskeskusi Ida-Virumaal. Enam kui 30 erinevat kauplust - toidukaubad, restoranid, ilukaubad, r\u00f5ivad, jalan\u00f5ud, elektroonika, ehitusmaterjalid ja palju muud. Oleme avatud iga p\u00e4ev 8-st kuni 22-ni.\" \/>\n<meta property=\"og:url\" content=\"https:\/\/vironiakeskus.ee\/ru\/kamill-pluss\/\" \/>\n<meta property=\"og:site_name\" content=\"\u0426\u0435\u043d\u0442\u0435\u0440 Vironia\" \/>\n<meta property=\"article:modified_time\" content=\"2023-02-08T11:32:48+00:00\" \/>\n<meta name=\"twitter:card\" content=\"summary_large_image\" \/>\n<meta name=\"twitter:label1\" content=\"\u041f\u0440\u0438\u043c\u0435\u0440\u043d\u043e\u0435 \u0432\u0440\u0435\u043c\u044f \u0434\u043b\u044f \u0447\u0442\u0435\u043d\u0438\u044f\" \/>\n\t<meta name=\"twitter:data1\" content=\"1 \u043c\u0438\u043d\u0443\u0442\u0430\" \/>\n<script type=\"application\/ld+json\" class=\"yoast-schema-graph\">{\"@context\":\"https:\/\/schema.org\",\"@graph\":[{\"@type\":\"WebPage\",\"@id\":\"https:\/\/vironiakeskus.ee\/ru\/kamill-pluss\/\",\"url\":\"https:\/\/vironiakeskus.ee\/ru\/kamill-pluss\/\",\"name\":\"Kamill Pluss | \u0426\u0435\u043d\u0442\u0435\u0440 Vironia\",\"isPartOf\":{\"@id\":\"https:\/\/vironiakeskus.ee\/ru\/#website\"},\"datePublished\":\"2022-07-14T10:40:43+00:00\",\"dateModified\":\"2023-02-08T11:32:48+00:00\",\"description\":\"\u00dcks suurimaid kaubanduskeskusi Ida-Virumaal. Enam kui 30 erinevat kauplust - toidukaubad, restoranid, ilukaubad, r\u00f5ivad, jalan\u00f5ud, elektroonika, ehitusmaterjalid ja palju muud. Oleme avatud iga p\u00e4ev 8-st kuni 22-ni.\",\"breadcrumb\":{\"@id\":\"https:\/\/vironiakeskus.ee\/ru\/kamill-pluss\/#breadcrumb\"},\"inLanguage\":\"ru-RU\",\"potentialAction\":[{\"@type\":\"ReadAction\",\"target\":[\"https:\/\/vironiakeskus.ee\/ru\/kamill-pluss\/\"]}]},{\"@type\":\"BreadcrumbList\",\"@id\":\"https:\/\/vironiakeskus.ee\/ru\/kamill-pluss\/#breadcrumb\",\"itemListElement\":[{\"@type\":\"ListItem\",\"position\":1,\"name\":\"\u0413\u043b\u0430\u0432\u043d\u0430\u044f\",\"item\":\"https:\/\/vironiakeskus.ee\/ru\/\"},{\"@type\":\"ListItem\",\"position\":2,\"name\":\"Kamill Pluss\"}]},{\"@type\":\"WebSite\",\"@id\":\"https:\/\/vironiakeskus.ee\/ru\/#website\",\"url\":\"https:\/\/vironiakeskus.ee\/ru\/\",\"name\":\"\u0426\u0435\u043d\u0442\u0435\u0440 Vironia\",\"description\":\"\u0414\u0435\u043b\u0430\u0439\u0442\u0435 \u043f\u043e\u043a\u0443\u043f\u043a\u0438 \u0443 \u043d\u0430\u0441!\",\"potentialAction\":[{\"@type\":\"SearchAction\",\"target\":{\"@type\":\"EntryPoint\",\"urlTemplate\":\"https:\/\/vironiakeskus.ee\/ru\/?s={search_term_string}\"},\"query-input\":{\"@type\":\"PropertyValueSpecification\",\"valueRequired\":true,\"valueName\":\"search_term_string\"}}],\"inLanguage\":\"ru-RU\"}]}<\/script>\n<!-- \/ Yoast SEO plugin. -->","yoast_head_json":{"title":"Kamill Pluss | \u0426\u0435\u043d\u0442\u0435\u0440 Vironia","description":"\u00dcks suurimaid kaubanduskeskusi Ida-Virumaal. Enam kui 30 erinevat kauplust - toidukaubad, restoranid, ilukaubad, r\u00f5ivad, jalan\u00f5ud, elektroonika, ehitusmaterjalid ja palju muud. Oleme avatud iga p\u00e4ev 8-st kuni 22-ni.","robots":{"index":"index","follow":"follow","max-snippet":"max-snippet:-1","max-image-preview":"max-image-preview:large","max-video-preview":"max-video-preview:-1"},"canonical":"https:\/\/vironiakeskus.ee\/ru\/kamill-pluss\/","og_locale":"ru_RU","og_type":"article","og_title":"Kamill Pluss | \u0426\u0435\u043d\u0442\u0435\u0440 Vironia","og_description":"\u00dcks suurimaid kaubanduskeskusi Ida-Virumaal. Enam kui 30 erinevat kauplust - toidukaubad, restoranid, ilukaubad, r\u00f5ivad, jalan\u00f5ud, elektroonika, ehitusmaterjalid ja palju muud. Oleme avatud iga p\u00e4ev 8-st kuni 22-ni.","og_url":"https:\/\/vironiakeskus.ee\/ru\/kamill-pluss\/","og_site_name":"\u0426\u0435\u043d\u0442\u0435\u0440 Vironia","article_modified_time":"2023-02-08T11:32:48+00:00","twitter_card":"summary_large_image","twitter_misc":{"\u041f\u0440\u0438\u043c\u0435\u0440\u043d\u043e\u0435 \u0432\u0440\u0435\u043c\u044f \u0434\u043b\u044f \u0447\u0442\u0435\u043d\u0438\u044f":"1 \u043c\u0438\u043d\u0443\u0442\u0430"},"schema":{"@context":"https:\/\/schema.org","@graph":[{"@type":"WebPage","@id":"https:\/\/vironiakeskus.ee\/ru\/kamill-pluss\/","url":"https:\/\/vironiakeskus.ee\/ru\/kamill-pluss\/","name":"Kamill Pluss | \u0426\u0435\u043d\u0442\u0435\u0440 Vironia","isPartOf":{"@id":"https:\/\/vironiakeskus.ee\/ru\/#website"},"datePublished":"2022-07-14T10:40:43+00:00","dateModified":"2023-02-08T11:32:48+00:00","description":"\u00dcks suurimaid kaubanduskeskusi Ida-Virumaal. Enam kui 30 erinevat kauplust - toidukaubad, restoranid, ilukaubad, r\u00f5ivad, jalan\u00f5ud, elektroonika, ehitusmaterjalid ja palju muud. Oleme avatud iga p\u00e4ev 8-st kuni 22-ni.","breadcrumb":{"@id":"https:\/\/vironiakeskus.ee\/ru\/kamill-pluss\/#breadcrumb"},"inLanguage":"ru-RU","potentialAction":[{"@type":"ReadAction","target":["https:\/\/vironiakeskus.ee\/ru\/kamill-pluss\/"]}]},{"@type":"BreadcrumbList","@id":"https:\/\/vironiakeskus.ee\/ru\/kamill-pluss\/#breadcrumb","itemListElement":[{"@type":"ListItem","position":1,"name":"\u0413\u043b\u0430\u0432\u043d\u0430\u044f","item":"https:\/\/vironiakeskus.ee\/ru\/"},{"@type":"ListItem","position":2,"name":"Kamill Pluss"}]},{"@type":"WebSite","@id":"https:\/\/vironiakeskus.ee\/ru\/#website","url":"https:\/\/vironiakeskus.ee\/ru\/","name":"\u0426\u0435\u043d\u0442\u0435\u0440 Vironia","description":"\u0414\u0435\u043b\u0430\u0439\u0442\u0435 \u043f\u043e\u043a\u0443\u043f\u043a\u0438 \u0443 \u043d\u0430\u0441!","potentialAction":[{"@type":"SearchAction","target":{"@type":"EntryPoint","urlTemplate":"https:\/\/vironiakeskus.ee\/ru\/?s={search_term_string}"},"query-input":{"@type":"PropertyValueSpecification","valueRequired":true,"valueName":"search_term_string"}}],"inLanguage":"ru-RU"}]}},"_links":{"self":[{"href":"https:\/\/vironiakeskus.ee\/ru\/wp-json\/wp\/v2\/pages\/10971","targetHints":{"allow":["GET"]}}],"collection":[{"href":"https:\/\/vironiakeskus.ee\/ru\/wp-json\/wp\/v2\/pages"}],"about":[{"href":"https:\/\/vironiakeskus.ee\/ru\/wp-json\/wp\/v2\/types\/page"}],"author":[{"embeddable":true,"href":"https:\/\/vironiakeskus.ee\/ru\/wp-json\/wp\/v2\/users\/1"}],"replies":[{"embeddable":true,"href":"https:\/\/vironiakeskus.ee\/ru\/wp-json\/wp\/v2\/comments?post=10971"}],"version-history":[{"count":4,"href":"https:\/\/vironiakeskus.ee\/ru\/wp-json\/wp\/v2\/pages\/10971\/revisions"}],"predecessor-version":[{"id":26813,"href":"https:\/\/vironiakeskus.ee\/ru\/wp-json\/wp\/v2\/pages\/10971\/revisions\/26813"}],"wp:attachment":[{"href":"https:\/\/vironiakeskus.ee\/ru\/wp-json\/wp\/v2\/media?parent=10971"}],"curies":[{"name":"wp","href":"https:\/\/api.w.org\/{rel}","templated":true}]}}