{"id":12178,"date":"2022-06-20T13:49:55","date_gmt":"2022-06-20T13:49:55","guid":{"rendered":"https:\/\/vironiakeskus.ee\/cityalko-2\/"},"modified":"2022-09-05T07:49:17","modified_gmt":"2022-09-05T07:49:17","slug":"cityalko","status":"publish","type":"page","link":"https:\/\/vironiakeskus.ee\/ru\/cityalko\/","title":{"rendered":"CityAlko"},"content":{"rendered":"<style type=\"text\/css\"> \n#cmsmasters_row_69f4a33ca93787_95326177 .cmsmasters_row_outer_parent { \n\tpadding-top: 50px; \n} \n\n#cmsmasters_row_69f4a33ca93787_95326177 .cmsmasters_row_outer_parent { \n\tpadding-bottom: 55px; \n} \n\n \n#cmsmasters_heading_69f4a33ca94943_08176136 { \n\ttext-align:left; \n\tmargin-top:30px; \n\tmargin-bottom:10px; \n} \n\n#cmsmasters_heading_69f4a33ca94943_08176136 .cmsmasters_heading { \n\ttext-align:left; \n} \n\n#cmsmasters_heading_69f4a33ca94943_08176136 .cmsmasters_heading, #cmsmasters_heading_69f4a33ca94943_08176136 .cmsmasters_heading a { \n\tfont-weight:700; \n\tfont-style:normal; \n} \n\n#cmsmasters_heading_69f4a33ca94943_08176136 .cmsmasters_heading_divider { \n} \n\n \n#cmsmasters_heading_69f4a33ca94a72_56624440 { \n\ttext-align:left; \n\tmargin-top:0px; \n\tmargin-bottom:30px; \n} \n\n#cmsmasters_heading_69f4a33ca94a72_56624440 .cmsmasters_heading { \n\ttext-align:left; \n} \n\n#cmsmasters_heading_69f4a33ca94a72_56624440 .cmsmasters_heading, #cmsmasters_heading_69f4a33ca94a72_56624440 .cmsmasters_heading a { \n\tfont-weight:700; \n\tfont-style:normal; \n} \n\n#cmsmasters_heading_69f4a33ca94a72_56624440 .cmsmasters_heading_divider { \n} \n\n \n#cmsmasters_heading_69f4a33ca94b42_04244283 { \n\ttext-align:left; \n\tmargin-top:0px; \n\tmargin-bottom:10px; \n} \n\n#cmsmasters_heading_69f4a33ca94b42_04244283 .cmsmasters_heading { \n\ttext-align:left; \n} \n\n#cmsmasters_heading_69f4a33ca94b42_04244283 .cmsmasters_heading, #cmsmasters_heading_69f4a33ca94b42_04244283 .cmsmasters_heading a { \n\tfont-weight:700; \n\tfont-style:normal; \n} \n\n#cmsmasters_heading_69f4a33ca94b42_04244283 .cmsmasters_heading_divider { \n} \n\n \n#cmsmasters_heading_69f4a33ca94c18_42584913 { \n\ttext-align:left; \n\tmargin-top:0px; \n\tmargin-bottom:30px; \n} \n\n#cmsmasters_heading_69f4a33ca94c18_42584913 .cmsmasters_heading { \n\ttext-align:left; \n} \n\n#cmsmasters_heading_69f4a33ca94c18_42584913 .cmsmasters_heading, #cmsmasters_heading_69f4a33ca94c18_42584913 .cmsmasters_heading a { \n\tfont-weight:700; \n\tfont-style:normal; \n} \n\n#cmsmasters_heading_69f4a33ca94c18_42584913 .cmsmasters_heading_divider { \n} \n\n \n#cmsmasters_heading_69f4a33ca94cd8_21736191 { \n\ttext-align:left; \n\tmargin-top:0px; \n\tmargin-bottom:10px; \n} \n\n#cmsmasters_heading_69f4a33ca94cd8_21736191 .cmsmasters_heading { \n\ttext-align:left; \n} \n\n#cmsmasters_heading_69f4a33ca94cd8_21736191 .cmsmasters_heading, #cmsmasters_heading_69f4a33ca94cd8_21736191 .cmsmasters_heading a { \n\tfont-weight:700; \n\tfont-style:normal; \n} \n\n#cmsmasters_heading_69f4a33ca94cd8_21736191 .cmsmasters_heading_divider { \n} \n\n \n#cmsmasters_heading_69f4a33ca94da2_79942081 { \n\ttext-align:left; \n\tmargin-top:0px; \n\tmargin-bottom:50px; \n} \n\n#cmsmasters_heading_69f4a33ca94da2_79942081 .cmsmasters_heading { \n\ttext-align:left; \n} \n\n#cmsmasters_heading_69f4a33ca94da2_79942081 .cmsmasters_heading, #cmsmasters_heading_69f4a33ca94da2_79942081 .cmsmasters_heading a { \n\tfont-weight:700; \n\tfont-style:normal; \n} \n\n#cmsmasters_heading_69f4a33ca94da2_79942081 .cmsmasters_heading_divider { \n} \n\n \n#cmsmasters_heading_69f4a33ca94e67_37875719 { \n\ttext-align:left; \n\tmargin-top:0px; \n\tmargin-bottom:10px; \n} \n\n#cmsmasters_heading_69f4a33ca94e67_37875719 .cmsmasters_heading { \n\ttext-align:left; \n} \n\n#cmsmasters_heading_69f4a33ca94e67_37875719 .cmsmasters_heading, #cmsmasters_heading_69f4a33ca94e67_37875719 .cmsmasters_heading a { \n\tfont-weight:700; \n\tfont-style:normal; \n} \n\n#cmsmasters_heading_69f4a33ca94e67_37875719 .cmsmasters_heading_divider { \n} \n\n \n#cmsmasters_heading_69f4a33ca94f25_42003479 { \n\ttext-align:left; \n\tmargin-top:0px; \n\tmargin-bottom:50px; \n} \n\n#cmsmasters_heading_69f4a33ca94f25_42003479 .cmsmasters_heading { \n\ttext-align:left; \n} \n\n#cmsmasters_heading_69f4a33ca94f25_42003479 .cmsmasters_heading, #cmsmasters_heading_69f4a33ca94f25_42003479 .cmsmasters_heading a { \n\tfont-weight:700; \n\tfont-style:normal; \n} \n\n#cmsmasters_heading_69f4a33ca94f25_42003479 .cmsmasters_heading_divider { \n} \n\n \n#cmsmasters_heading_69f4a33ca95465_62297620 { \n\ttext-align:left; \n\tmargin-top:0px; \n\tmargin-bottom:20px; \n} \n\n#cmsmasters_heading_69f4a33ca95465_62297620 .cmsmasters_heading { \n\ttext-align:left; \n} \n\n#cmsmasters_heading_69f4a33ca95465_62297620 .cmsmasters_heading, #cmsmasters_heading_69f4a33ca95465_62297620 .cmsmasters_heading a { \n\tfont-weight:700; \n\tfont-style:normal; \n} \n\n#cmsmasters_heading_69f4a33ca95465_62297620 .cmsmasters_heading_divider { \n} \n\n \n#cmsmasters_divider_69f4a33ca95578_19480515 { \n\tborder-bottom-width:1px; \n\tborder-bottom-style:solid; \n\tpadding-top:0px; \n\tmargin-bottom:30px; \n} \n \n#cmsmasters_divider_69f4a33ca958b9_75736433 { \n\tborder-bottom-width:0px; \n\tborder-bottom-style:solid; \n\tpadding-top:0px; \n\tmargin-bottom:20px; \n} \n\r\n\t\t\t\t#cmsmasters_gallery_69f4a33ca959b4_50104211 .cmsmasters_gallery {\r\n\t\t\t\t\tmargin:0 0 0 -15px;\r\n\t\t\t\t}\r\n\t\t\t\t\r\n\t\t\t\t#cmsmasters_gallery_69f4a33ca959b4_50104211 .cmsmasters_gallery .cmsmasters_gallery_item {\r\n\t\t\t\t\tpadding:0 0 15px 15px;\r\n\t\t\t\t}\r\n\t\t\t<\/style><div id=\"cmsmasters_row_69f4a33ca93787_95326177\" class=\"cmsmasters_row cmsmasters_color_scheme_default cmsmasters_row_top_default cmsmasters_row_bot_default cmsmasters_row_boxed\">\n<div class=\"cmsmasters_row_outer_parent\">\n<div class=\"cmsmasters_row_outer\">\n<div class=\"cmsmasters_row_inner\">\n<div class=\"cmsmasters_row_margin\">\n<div class=\"cmsmasters_column one_fourth\">\n<div class=\"cmsmasters_img  cmsmasters_image_n\">\n<img decoding=\"async\" src=\"https:\/\/vironiakeskus.ee\/wp-content\/uploads\/2022\/05\/Cityalko.png\" \/>\n<\/div>\n\n<div id=\"cmsmasters_heading_69f4a33ca94943_08176136\" class=\"cmsmasters_heading_wrap cmsmasters_heading_align_left\">\n\t<h3 class=\"cmsmasters_heading\">\u041e\u0442\u043a\u0440\u044b\u0442:<\/h3>\n<\/div>\n<div id=\"cmsmasters_heading_69f4a33ca94a72_56624440\" class=\"cmsmasters_heading_wrap cmsmasters_heading_align_left\">\n\t<h5 class=\"cmsmasters_heading\">\u041f\u043d-\u0412\u0441 10:00 &#8212; 22:00<\/h5>\n<\/div>\n<div id=\"cmsmasters_heading_69f4a33ca94b42_04244283\" class=\"cmsmasters_heading_wrap cmsmasters_heading_align_left\">\n\t<h3 class=\"cmsmasters_heading\">\u041a\u043e\u043d\u0442\u0430\u043a\u0442\u044b:<\/h3>\n<\/div>\n<div id=\"cmsmasters_heading_69f4a33ca94c18_42584913\" class=\"cmsmasters_heading_wrap cmsmasters_heading_align_left\">\n\t<h5 class=\"cmsmasters_heading\"><a href=\"tel:+37255677856\">+372 5567 7856<\/a> <\/h5>\n<\/div>\n<div id=\"cmsmasters_heading_69f4a33ca94cd8_21736191\" class=\"cmsmasters_heading_wrap cmsmasters_heading_align_left\">\n\t<h3 class=\"cmsmasters_heading\">\u042d-\u043f\u043e\u0447\u0442\u0430:<\/h3>\n<\/div>\n<div id=\"cmsmasters_heading_69f4a33ca94da2_79942081\" class=\"cmsmasters_heading_wrap cmsmasters_heading_align_left\">\n\t<h5 class=\"cmsmasters_heading\"><a href=\"mailto:cityalko.vironia@aldar.ee\">cityalko.vironia@aldar.ee<\/a><\/h5>\n<\/div>\n<div id=\"cmsmasters_heading_69f4a33ca94e67_37875719\" class=\"cmsmasters_heading_wrap cmsmasters_heading_align_left\">\n\t<h3 class=\"cmsmasters_heading\">\u0421\u0430\u0439\u0442:<\/h3>\n<\/div>\n<div id=\"cmsmasters_heading_69f4a33ca94f25_42003479\" class=\"cmsmasters_heading_wrap cmsmasters_heading_align_left\">\n\t<h5 class=\"cmsmasters_heading\"><a href=\"http:\/\/www.cityalko.ee\">www.cityalko.ee<\/a><\/h5>\n<\/div>\n<\/div>\n<div class=\"cmsmasters_column three_fourth\">\n\n<div id=\"cmsmasters_heading_69f4a33ca95465_62297620\" class=\"cmsmasters_heading_wrap cmsmasters_heading_align_left\">\n\t<h1 class=\"cmsmasters_heading\">CityAlko<\/h1>\n<\/div>\n\n<div id=\"cmsmasters_divider_69f4a33ca95578_19480515\" class=\"cmsmasters_divider cmsmasters_divider_width_long cmsmasters_divider_pos_center\"><\/div>\n<div class=\"cmsmasters_text\">\n<p>Aldar Eesti O\u00dc \u2014 \u043e\u0441\u043d\u043e\u0432\u0430\u043d\u043d\u043e\u0435 \u043d\u0430 \u044d\u0441\u0442\u043e\u043d\u0441\u043a\u043e\u043c \u043a\u0430\u043f\u0438\u0442\u0430\u043b\u0435 \u043f\u0440\u0435\u0434\u043f\u0440\u0438\u044f\u0442\u0438\u0435 \u0440\u043e\u0437\u043d\u0438\u0447\u043d\u043e\u0439 \u0438 \u043e\u043f\u0442\u043e\u0432\u043e\u0439 \u0442\u043e\u0440\u0433\u043e\u0432\u043b\u0438, \u0442\u043e\u0440\u0433\u043e\u0432\u044b\u043c\u0438 \u043c\u0430\u0440\u043a\u0430\u043c\u0438 \u043a\u043e\u0442\u043e\u0440\u043e\u0433\u043e \u044f\u0432\u043b\u044f\u044e\u0442\u0441\u044f SuperAlko, CityAlko, Sadama Turg, Aldar Market, Aldar Cash&amp;Carry \u0438 Kochi Aidad.<\/p>\n<p>\u041d\u0430\u0448\u0438 \u043c\u0430\u0433\u0430\u0437\u0438\u043d\u044b \u0440\u0430\u0441\u043f\u043e\u043b\u043e\u0436\u0435\u043d\u044b \u0432 \u043a\u0440\u0443\u043f\u043d\u044b\u0445 \u0433\u043e\u0440\u043e\u0434\u0430\u0445 \u042d\u0441\u0442\u043e\u043d\u0438\u0438, \u0432 \u0442\u043e\u043c \u0447\u0438\u0441\u043b\u0435 \u0432 \u0442\u043e\u0440\u0433\u043e\u0432\u044b\u0445 \u0446\u0435\u043d\u0442\u0440\u0430\u0445 \u0422\u0430\u043b\u043b\u0438\u043d\u043d, \u0422\u0430\u0440\u0442\u0443, \u0420\u0430\u043a\u0432\u0435\u0440\u0435, \u0412\u044b\u0440\u0443, \u0419\u044b\u0445\u0432\u0438 \u0438 \u0442. \u0434. \u041d\u0430\u0448\u0438 \u043f\u0440\u0438\u0433\u0440\u0430\u043d\u0438\u0447\u043d\u044b\u0435 \u043c\u0430\u0433\u0430\u0437\u0438\u043d\u044b \u0440\u0430\u0431\u043e\u0442\u0430\u044e\u0442 \u043f\u043e\u0434 \u0431\u0440\u0435\u043d\u0434\u043e\u043c Super Alko \u0432 \u042d\u0441\u0442\u043e\u043d\u0438\u0438, \u041b\u0430\u0442\u0432\u0438\u0438 \u0438 \u041f\u043e\u043b\u044c\u0448\u0435.<\/p>\n<p>\u0412 \u043d\u0430\u0441\u0442\u043e\u044f\u0449\u0435\u0435 \u0432\u0440\u0435\u043c\u044f \u0441\u0435\u0442\u044c \u00ab\u0410\u043b\u0434\u0430\u0440\u00bb \u0432\u043a\u043b\u044e\u0447\u0430\u0435\u0442 42 \u043c\u0430\u0433\u0430\u0437\u0438\u043d\u0430, \u0440\u0430\u0431\u043e\u0442\u0430\u044e\u0449\u0438\u0445 \u043f\u043e\u0434 \u043d\u0430\u0437\u0432\u0430\u043d\u0438\u044f\u043c\u0438: SuperAlko, CityAlko ja Aldar Market.<\/p>\n<p>\u201cKvaliteet maitseb!\u201d. \u041c\u044b \u0445\u043e\u0442\u0438\u043c \u0447\u0435\u0442\u043a\u043e \u0432\u044b\u0434\u0435\u043b\u0438\u0442\u044c\u0441\u044f \u0441\u0440\u0435\u0434\u0438 \u0434\u0440\u0443\u0433\u0438\u0445 \u0432\u0438\u043d\u043d\u044b\u0445 \u043c\u0430\u0433\u0430\u0437\u0438\u043d\u043e\u0432 \u0438 \u0445\u043e\u0442\u0438\u043c \u0432\u0441\u0435\u0433\u0434\u0430 \u043f\u0440\u0435\u0434\u043b\u043e\u0436\u0438\u0442\u044c \u0437\u043d\u0430\u044e\u0449\u0435\u043c\u0443 \u043f\u043e\u043a\u0443\u043f\u0430\u0442\u0435\u043b\u044e \u0431\u043e\u0433\u0430\u0442\u044b\u0439 \u0430\u0441\u0441\u043e\u0440\u0442\u0438\u043c\u0435\u043d\u0442 \u0432 \u043f\u0440\u0438\u044f\u0442\u043d\u043e\u0439 \u043e\u0431\u0441\u0442\u0430\u043d\u043e\u0432\u043a\u0435.<\/p>\n<p>\u041f\u0440\u043e\u0434\u0443\u043a\u0442\u044b \u0431\u044b\u043b\u0438 \u043e\u0442\u043e\u0431\u0440\u0430\u043d\u044b \u0441\u043e \u0432\u0441\u0435\u0433\u043e \u043c\u0438\u0440\u0430 \u0441 \u0437\u0430\u0431\u043e\u0442\u043e\u0439 \u0438 \u043b\u044e\u0431\u043e\u0432\u044c\u044e, \u0447\u0442\u043e\u0431\u044b \u043e\u0431\u0435\u0441\u043f\u0435\u0447\u0438\u0442\u044c \u043b\u0443\u0447\u0448\u0438\u0439 \u0432\u044b\u0431\u043e\u0440 \u0438 \u0432\u044b\u0441\u043e\u043a\u043e\u0435 \u043a\u0430\u0447\u0435\u0441\u0442\u0432\u043e \u0432\u043a\u0443\u0441\u0430 \u0434\u043b\u044f \u043a\u0430\u0436\u0434\u043e\u0433\u043e \u043a\u043b\u0438\u0435\u043d\u0442\u0430. \u0412 \u043d\u0430\u0448\u0438\u0445 \u043c\u0430\u0433\u0430\u0437\u0438\u043d\u0430\u0445 \u0432\u044b \u0442\u0430\u043a\u0436\u0435 \u043c\u043e\u0436\u0435\u0442\u0435 \u043d\u0430\u0439\u0442\u0438 \u044d\u043a\u0441\u043a\u043b\u044e\u0437\u0438\u0432\u043d\u044b\u0435 \u0431\u0440\u0435\u043d\u0434\u044b Aldar Eesti.<\/p>\n<p>\u0412 \u0434\u043e\u043f\u043e\u043b\u043d\u0435\u043d\u0438\u0435 \u043a \u0441\u043f\u0435\u0446\u0438\u0430\u043b\u044c\u043d\u043e \u043e\u0442\u043e\u0431\u0440\u0430\u043d\u043d\u044b\u043c \u043f\u0440\u043e\u0434\u0443\u043a\u0442\u0430\u043c \u043c\u044b \u043f\u0440\u0435\u0434\u043b\u0430\u0433\u0430\u0435\u043c \u0443\u0434\u043e\u0432\u043e\u043b\u044c\u0441\u0442\u0432\u0438\u0435 \u043e\u0442 \u043f\u043e\u043a\u0443\u043f\u043e\u043a \u0432 \u043f\u0440\u0438\u044f\u0442\u043d\u043e\u0439 \u043e\u0431\u0441\u0442\u0430\u043d\u043e\u0432\u043a\u0435, \u0432\u0434\u043e\u0445\u043d\u043e\u0432\u043b\u0435\u043d\u043d\u043e\u0439 \u0443\u044e\u0442\u043d\u044b\u043c \u0432\u0438\u043d\u043d\u044b\u043c \u043f\u043e\u0433\u0440\u0435\u0431\u043e\u043c. \u041c\u044b \u0441\u0442\u0430\u0440\u0430\u0435\u043c\u0441\u044f \u0431\u044b\u0442\u044c \u0441\u0434\u0435\u0440\u0436\u0430\u043d\u043d\u044b\u043c\u0438 \u0432 \u0441\u0432\u043e\u0435\u043c \u0432\u043d\u0435\u0448\u043d\u0435\u043c \u0432\u0438\u0434\u0435 \u0438 \u043d\u0430\u0441\u0442\u043e\u044f\u0449\u0438\u043c\u0438 \u043f\u0440\u043e\u0444\u0435\u0441\u0441\u0438\u043e\u043d\u0430\u043b\u0430\u043c\u0438 \u0432 \u043d\u0430\u0448\u0435\u043c \u043e\u0431\u0441\u043b\u0443\u0436\u0438\u0432\u0430\u043d\u0438\u0438.<\/p>\n<\/div>\n\n<div id=\"cmsmasters_divider_69f4a33ca958b9_75736433\" class=\"cl\"><\/div>\n<div id=\"cmsmasters_gallery_69f4a33ca959b4_50104211\" class=\"cmsmasters_gallery_wrap\"><ul class=\"cmsmasters_gallery cmsmasters_3 cmsmasters_more_items_loader\"><li class=\"cmsmasters_gallery_item\"><figure><a href=\"\" rel=\"ilightbox[69f4a33ca959b4_50104211]\"><\/a><\/figure><\/li><li class=\"cmsmasters_gallery_item\"><figure><a href=\"\" rel=\"ilightbox[69f4a33ca959b4_50104211]\"><\/a><\/figure><\/li><li class=\"cmsmasters_gallery_item\"><figure><a href=\"\" rel=\"ilightbox[69f4a33ca959b4_50104211]\"><\/a><\/figure><\/li><\/ul><script type=\"text\/javascript\">\r\n\t\t\t\tjQuery(document).ready(function () {\r\n\t\t\t\t\t(function ($) {\r\n\t\t\t\t\t\tif ($('#cmsmasters_gallery_69f4a33ca959b4_50104211').find('.cmsmasters_gallery_item').length == '0') {\r\n\t\t\t\t\t\t\treturn false;\r\n\t\t\t\t\t\t}\r\n\t\t\t\t\t\t\r\n\t\t\t\t\t\t\r\n\t\t\t\t\t\tstartGallery( \r\n\t\t\t\t\t\t\t'69f4a33ca959b4_50104211', \r\n\t\t\t\t\t\t\t'grid', \r\n\t\t\t\t\t\t\t'false', \r\n\t\t\t\t\t\t\t'false' \r\n\t\t\t\t\t\t);\r\n\t\t\t\t\t} )(jQuery);\r\n\t\t\t\t} );\r\n\t\t\t<\/script>\r\n\t\t\t<\/div>\n<\/div>\n<\/div>\n<\/div>\n<\/div>\n<\/div>\n<\/div>\n\n","protected":false},"excerpt":{"rendered":"","protected":false},"author":1,"featured_media":0,"parent":0,"menu_order":0,"comment_status":"closed","ping_status":"closed","template":"","meta":{"footnotes":""},"class_list":["post-12178","page","type-page","status-publish","hentry"],"yoast_head":"<!-- This site is optimized with the Yoast SEO plugin v25.9 - https:\/\/yoast.com\/wordpress\/plugins\/seo\/ -->\n<title>CityAlko | \u0426\u0435\u043d\u0442\u0435\u0440 Vironia<\/title>\n<meta name=\"description\" content=\"\u00dcks suurimaid kaubanduskeskusi Ida-Virumaal. Enam kui 30 erinevat kauplust - toidukaubad, restoranid, ilukaubad, r\u00f5ivad, jalan\u00f5ud, elektroonika, ehitusmaterjalid ja palju muud. Oleme avatud iga p\u00e4ev 8-st kuni 22-ni.\" \/>\n<meta name=\"robots\" content=\"index, follow, max-snippet:-1, max-image-preview:large, max-video-preview:-1\" \/>\n<link rel=\"canonical\" href=\"https:\/\/vironiakeskus.ee\/ru\/cityalko\/\" \/>\n<meta property=\"og:locale\" content=\"ru_RU\" \/>\n<meta property=\"og:type\" content=\"article\" \/>\n<meta property=\"og:title\" content=\"CityAlko | \u0426\u0435\u043d\u0442\u0435\u0440 Vironia\" \/>\n<meta property=\"og:description\" content=\"\u00dcks suurimaid kaubanduskeskusi Ida-Virumaal. Enam kui 30 erinevat kauplust - toidukaubad, restoranid, ilukaubad, r\u00f5ivad, jalan\u00f5ud, elektroonika, ehitusmaterjalid ja palju muud. Oleme avatud iga p\u00e4ev 8-st kuni 22-ni.\" \/>\n<meta property=\"og:url\" content=\"https:\/\/vironiakeskus.ee\/ru\/cityalko\/\" \/>\n<meta property=\"og:site_name\" content=\"\u0426\u0435\u043d\u0442\u0435\u0440 Vironia\" \/>\n<meta property=\"article:modified_time\" content=\"2022-09-05T07:49:17+00:00\" \/>\n<meta name=\"twitter:card\" content=\"summary_large_image\" \/>\n<meta name=\"twitter:label1\" content=\"\u041f\u0440\u0438\u043c\u0435\u0440\u043d\u043e\u0435 \u0432\u0440\u0435\u043c\u044f \u0434\u043b\u044f \u0447\u0442\u0435\u043d\u0438\u044f\" \/>\n\t<meta name=\"twitter:data1\" content=\"2 \u043c\u0438\u043d\u0443\u0442\u044b\" \/>\n<script type=\"application\/ld+json\" class=\"yoast-schema-graph\">{\"@context\":\"https:\/\/schema.org\",\"@graph\":[{\"@type\":\"WebPage\",\"@id\":\"https:\/\/vironiakeskus.ee\/ru\/cityalko\/\",\"url\":\"https:\/\/vironiakeskus.ee\/ru\/cityalko\/\",\"name\":\"CityAlko | \u0426\u0435\u043d\u0442\u0435\u0440 Vironia\",\"isPartOf\":{\"@id\":\"https:\/\/vironiakeskus.ee\/ru\/#website\"},\"datePublished\":\"2022-06-20T13:49:55+00:00\",\"dateModified\":\"2022-09-05T07:49:17+00:00\",\"description\":\"\u00dcks suurimaid kaubanduskeskusi Ida-Virumaal. Enam kui 30 erinevat kauplust - toidukaubad, restoranid, ilukaubad, r\u00f5ivad, jalan\u00f5ud, elektroonika, ehitusmaterjalid ja palju muud. Oleme avatud iga p\u00e4ev 8-st kuni 22-ni.\",\"breadcrumb\":{\"@id\":\"https:\/\/vironiakeskus.ee\/ru\/cityalko\/#breadcrumb\"},\"inLanguage\":\"ru-RU\",\"potentialAction\":[{\"@type\":\"ReadAction\",\"target\":[\"https:\/\/vironiakeskus.ee\/ru\/cityalko\/\"]}]},{\"@type\":\"BreadcrumbList\",\"@id\":\"https:\/\/vironiakeskus.ee\/ru\/cityalko\/#breadcrumb\",\"itemListElement\":[{\"@type\":\"ListItem\",\"position\":1,\"name\":\"\u0413\u043b\u0430\u0432\u043d\u0430\u044f\",\"item\":\"https:\/\/vironiakeskus.ee\/ru\/\"},{\"@type\":\"ListItem\",\"position\":2,\"name\":\"CityAlko\"}]},{\"@type\":\"WebSite\",\"@id\":\"https:\/\/vironiakeskus.ee\/ru\/#website\",\"url\":\"https:\/\/vironiakeskus.ee\/ru\/\",\"name\":\"\u0426\u0435\u043d\u0442\u0435\u0440 Vironia\",\"description\":\"\u0414\u0435\u043b\u0430\u0439\u0442\u0435 \u043f\u043e\u043a\u0443\u043f\u043a\u0438 \u0443 \u043d\u0430\u0441!\",\"potentialAction\":[{\"@type\":\"SearchAction\",\"target\":{\"@type\":\"EntryPoint\",\"urlTemplate\":\"https:\/\/vironiakeskus.ee\/ru\/?s={search_term_string}\"},\"query-input\":{\"@type\":\"PropertyValueSpecification\",\"valueRequired\":true,\"valueName\":\"search_term_string\"}}],\"inLanguage\":\"ru-RU\"}]}<\/script>\n<!-- \/ Yoast SEO plugin. -->","yoast_head_json":{"title":"CityAlko | \u0426\u0435\u043d\u0442\u0435\u0440 Vironia","description":"\u00dcks suurimaid kaubanduskeskusi Ida-Virumaal. Enam kui 30 erinevat kauplust - toidukaubad, restoranid, ilukaubad, r\u00f5ivad, jalan\u00f5ud, elektroonika, ehitusmaterjalid ja palju muud. Oleme avatud iga p\u00e4ev 8-st kuni 22-ni.","robots":{"index":"index","follow":"follow","max-snippet":"max-snippet:-1","max-image-preview":"max-image-preview:large","max-video-preview":"max-video-preview:-1"},"canonical":"https:\/\/vironiakeskus.ee\/ru\/cityalko\/","og_locale":"ru_RU","og_type":"article","og_title":"CityAlko | \u0426\u0435\u043d\u0442\u0435\u0440 Vironia","og_description":"\u00dcks suurimaid kaubanduskeskusi Ida-Virumaal. Enam kui 30 erinevat kauplust - toidukaubad, restoranid, ilukaubad, r\u00f5ivad, jalan\u00f5ud, elektroonika, ehitusmaterjalid ja palju muud. Oleme avatud iga p\u00e4ev 8-st kuni 22-ni.","og_url":"https:\/\/vironiakeskus.ee\/ru\/cityalko\/","og_site_name":"\u0426\u0435\u043d\u0442\u0435\u0440 Vironia","article_modified_time":"2022-09-05T07:49:17+00:00","twitter_card":"summary_large_image","twitter_misc":{"\u041f\u0440\u0438\u043c\u0435\u0440\u043d\u043e\u0435 \u0432\u0440\u0435\u043c\u044f \u0434\u043b\u044f \u0447\u0442\u0435\u043d\u0438\u044f":"2 \u043c\u0438\u043d\u0443\u0442\u044b"},"schema":{"@context":"https:\/\/schema.org","@graph":[{"@type":"WebPage","@id":"https:\/\/vironiakeskus.ee\/ru\/cityalko\/","url":"https:\/\/vironiakeskus.ee\/ru\/cityalko\/","name":"CityAlko | \u0426\u0435\u043d\u0442\u0435\u0440 Vironia","isPartOf":{"@id":"https:\/\/vironiakeskus.ee\/ru\/#website"},"datePublished":"2022-06-20T13:49:55+00:00","dateModified":"2022-09-05T07:49:17+00:00","description":"\u00dcks suurimaid kaubanduskeskusi Ida-Virumaal. Enam kui 30 erinevat kauplust - toidukaubad, restoranid, ilukaubad, r\u00f5ivad, jalan\u00f5ud, elektroonika, ehitusmaterjalid ja palju muud. Oleme avatud iga p\u00e4ev 8-st kuni 22-ni.","breadcrumb":{"@id":"https:\/\/vironiakeskus.ee\/ru\/cityalko\/#breadcrumb"},"inLanguage":"ru-RU","potentialAction":[{"@type":"ReadAction","target":["https:\/\/vironiakeskus.ee\/ru\/cityalko\/"]}]},{"@type":"BreadcrumbList","@id":"https:\/\/vironiakeskus.ee\/ru\/cityalko\/#breadcrumb","itemListElement":[{"@type":"ListItem","position":1,"name":"\u0413\u043b\u0430\u0432\u043d\u0430\u044f","item":"https:\/\/vironiakeskus.ee\/ru\/"},{"@type":"ListItem","position":2,"name":"CityAlko"}]},{"@type":"WebSite","@id":"https:\/\/vironiakeskus.ee\/ru\/#website","url":"https:\/\/vironiakeskus.ee\/ru\/","name":"\u0426\u0435\u043d\u0442\u0435\u0440 Vironia","description":"\u0414\u0435\u043b\u0430\u0439\u0442\u0435 \u043f\u043e\u043a\u0443\u043f\u043a\u0438 \u0443 \u043d\u0430\u0441!","potentialAction":[{"@type":"SearchAction","target":{"@type":"EntryPoint","urlTemplate":"https:\/\/vironiakeskus.ee\/ru\/?s={search_term_string}"},"query-input":{"@type":"PropertyValueSpecification","valueRequired":true,"valueName":"search_term_string"}}],"inLanguage":"ru-RU"}]}},"_links":{"self":[{"href":"https:\/\/vironiakeskus.ee\/ru\/wp-json\/wp\/v2\/pages\/12178","targetHints":{"allow":["GET"]}}],"collection":[{"href":"https:\/\/vironiakeskus.ee\/ru\/wp-json\/wp\/v2\/pages"}],"about":[{"href":"https:\/\/vironiakeskus.ee\/ru\/wp-json\/wp\/v2\/types\/page"}],"author":[{"embeddable":true,"href":"https:\/\/vironiakeskus.ee\/ru\/wp-json\/wp\/v2\/users\/1"}],"replies":[{"embeddable":true,"href":"https:\/\/vironiakeskus.ee\/ru\/wp-json\/wp\/v2\/comments?post=12178"}],"version-history":[{"count":2,"href":"https:\/\/vironiakeskus.ee\/ru\/wp-json\/wp\/v2\/pages\/12178\/revisions"}],"predecessor-version":[{"id":12595,"href":"https:\/\/vironiakeskus.ee\/ru\/wp-json\/wp\/v2\/pages\/12178\/revisions\/12595"}],"wp:attachment":[{"href":"https:\/\/vironiakeskus.ee\/ru\/wp-json\/wp\/v2\/media?parent=12178"}],"curies":[{"name":"wp","href":"https:\/\/api.w.org\/{rel}","templated":true}]}}