{"id":12577,"date":"2022-09-02T09:08:39","date_gmt":"2022-09-02T09:08:39","guid":{"rendered":"https:\/\/vironiakeskus.ee\/pepco\/"},"modified":"2022-09-02T09:16:57","modified_gmt":"2022-09-02T09:16:57","slug":"pepco","status":"publish","type":"page","link":"https:\/\/vironiakeskus.ee\/ru\/pepco\/","title":{"rendered":"Pepco"},"content":{"rendered":"<style type=\"text\/css\"> \n#cmsmasters_row_69f32d3b1edbb3_53686329 .cmsmasters_row_outer_parent { \n\tpadding-top: 50px; \n} \n\n#cmsmasters_row_69f32d3b1edbb3_53686329 .cmsmasters_row_outer_parent { \n\tpadding-bottom: 55px; \n} \n\n \n#cmsmasters_heading_69f32d3b1eee98_95203677 { \n\ttext-align:left; \n\tmargin-top:30px; \n\tmargin-bottom:10px; \n} \n\n#cmsmasters_heading_69f32d3b1eee98_95203677 .cmsmasters_heading { \n\ttext-align:left; \n} \n\n#cmsmasters_heading_69f32d3b1eee98_95203677 .cmsmasters_heading, #cmsmasters_heading_69f32d3b1eee98_95203677 .cmsmasters_heading a { \n\tfont-weight:700; \n\tfont-style:normal; \n} \n\n#cmsmasters_heading_69f32d3b1eee98_95203677 .cmsmasters_heading_divider { \n} \n\n \n#cmsmasters_heading_69f32d3b1eefd3_11413192 { \n\ttext-align:left; \n\tmargin-top:0px; \n\tmargin-bottom:10px; \n} \n\n#cmsmasters_heading_69f32d3b1eefd3_11413192 .cmsmasters_heading { \n\ttext-align:left; \n} \n\n#cmsmasters_heading_69f32d3b1eefd3_11413192 .cmsmasters_heading, #cmsmasters_heading_69f32d3b1eefd3_11413192 .cmsmasters_heading a { \n\tfont-weight:700; \n\tfont-style:normal; \n} \n\n#cmsmasters_heading_69f32d3b1eefd3_11413192 .cmsmasters_heading_divider { \n} \n\n \n#cmsmasters_heading_69f32d3b1ef0a9_48234973 { \n\ttext-align:left; \n\tmargin-top:0px; \n\tmargin-bottom:30px; \n} \n\n#cmsmasters_heading_69f32d3b1ef0a9_48234973 .cmsmasters_heading { \n\ttext-align:left; \n} \n\n#cmsmasters_heading_69f32d3b1ef0a9_48234973 .cmsmasters_heading, #cmsmasters_heading_69f32d3b1ef0a9_48234973 .cmsmasters_heading a { \n\tfont-weight:700; \n\tfont-style:normal; \n} \n\n#cmsmasters_heading_69f32d3b1ef0a9_48234973 .cmsmasters_heading_divider { \n} \n\n \n#cmsmasters_heading_69f32d3b1ef189_07944151 { \n\ttext-align:left; \n\tmargin-top:0px; \n\tmargin-bottom:10px; \n} \n\n#cmsmasters_heading_69f32d3b1ef189_07944151 .cmsmasters_heading { \n\ttext-align:left; \n} \n\n#cmsmasters_heading_69f32d3b1ef189_07944151 .cmsmasters_heading, #cmsmasters_heading_69f32d3b1ef189_07944151 .cmsmasters_heading a { \n\tfont-weight:700; \n\tfont-style:normal; \n} \n\n#cmsmasters_heading_69f32d3b1ef189_07944151 .cmsmasters_heading_divider { \n} \n\n \n#cmsmasters_heading_69f32d3b1ef259_33751854 { \n\ttext-align:left; \n\tmargin-top:0px; \n\tmargin-bottom:30px; \n} \n\n#cmsmasters_heading_69f32d3b1ef259_33751854 .cmsmasters_heading { \n\ttext-align:left; \n} \n\n#cmsmasters_heading_69f32d3b1ef259_33751854 .cmsmasters_heading, #cmsmasters_heading_69f32d3b1ef259_33751854 .cmsmasters_heading a { \n\tfont-weight:700; \n\tfont-style:normal; \n} \n\n#cmsmasters_heading_69f32d3b1ef259_33751854 .cmsmasters_heading_divider { \n} \n\n \n#cmsmasters_heading_69f32d3b1ef318_51632664 { \n\ttext-align:left; \n\tmargin-top:0px; \n\tmargin-bottom:10px; \n} \n\n#cmsmasters_heading_69f32d3b1ef318_51632664 .cmsmasters_heading { \n\ttext-align:left; \n} \n\n#cmsmasters_heading_69f32d3b1ef318_51632664 .cmsmasters_heading, #cmsmasters_heading_69f32d3b1ef318_51632664 .cmsmasters_heading a { \n\tfont-weight:700; \n\tfont-style:normal; \n} \n\n#cmsmasters_heading_69f32d3b1ef318_51632664 .cmsmasters_heading_divider { \n} \n\n \n#cmsmasters_heading_69f32d3b1ef3e0_69857296 { \n\ttext-align:left; \n\tmargin-top:0px; \n\tmargin-bottom:50px; \n} \n\n#cmsmasters_heading_69f32d3b1ef3e0_69857296 .cmsmasters_heading { \n\ttext-align:left; \n} \n\n#cmsmasters_heading_69f32d3b1ef3e0_69857296 .cmsmasters_heading, #cmsmasters_heading_69f32d3b1ef3e0_69857296 .cmsmasters_heading a { \n\tfont-weight:700; \n\tfont-style:normal; \n} \n\n#cmsmasters_heading_69f32d3b1ef3e0_69857296 .cmsmasters_heading_divider { \n} \n\n \n#cmsmasters_heading_69f32d3b1ef934_72666028 { \n\ttext-align:left; \n\tmargin-top:0px; \n\tmargin-bottom:20px; \n} \n\n#cmsmasters_heading_69f32d3b1ef934_72666028 .cmsmasters_heading { \n\ttext-align:left; \n} \n\n#cmsmasters_heading_69f32d3b1ef934_72666028 .cmsmasters_heading, #cmsmasters_heading_69f32d3b1ef934_72666028 .cmsmasters_heading a { \n\tfont-weight:700; \n\tfont-style:normal; \n} \n\n#cmsmasters_heading_69f32d3b1ef934_72666028 .cmsmasters_heading_divider { \n} \n\n \n#cmsmasters_divider_69f32d3b1efa45_27591518 { \n\tborder-bottom-width:1px; \n\tborder-bottom-style:solid; \n\tpadding-top:0px; \n\tmargin-bottom:30px; \n} \n \n#cmsmasters_divider_69f32d3b1efdc3_19140226 { \n\tborder-bottom-width:0px; \n\tborder-bottom-style:solid; \n\tpadding-top:0px; \n\tmargin-bottom:20px; \n} \n\r\n\t\t\t\t#cmsmasters_gallery_69f32d3b1eff43_34999644 .cmsmasters_gallery {\r\n\t\t\t\t\tmargin:0 0 0 -15px;\r\n\t\t\t\t}\r\n\t\t\t\t\r\n\t\t\t\t#cmsmasters_gallery_69f32d3b1eff43_34999644 .cmsmasters_gallery .cmsmasters_gallery_item {\r\n\t\t\t\t\tpadding:0 0 15px 15px;\r\n\t\t\t\t}\r\n\t\t\t<\/style><div id=\"cmsmasters_row_69f32d3b1edbb3_53686329\" class=\"cmsmasters_row cmsmasters_color_scheme_default cmsmasters_row_top_default cmsmasters_row_bot_default cmsmasters_row_boxed\">\n<div class=\"cmsmasters_row_outer_parent\">\n<div class=\"cmsmasters_row_outer\">\n<div class=\"cmsmasters_row_inner\">\n<div class=\"cmsmasters_row_margin\">\n<div class=\"cmsmasters_column one_fourth\">\n<div class=\"cmsmasters_img  cmsmasters_image_n\">\n<img decoding=\"async\" src=\"https:\/\/vironiakeskus.ee\/wp-content\/uploads\/2022\/09\/PEPCO_190x150px.png\" \/>\n<\/div>\n\n<div id=\"cmsmasters_heading_69f32d3b1eee98_95203677\" class=\"cmsmasters_heading_wrap cmsmasters_heading_align_left\">\n\t<h3 class=\"cmsmasters_heading\">\u041e\u0422\u041a\u0420\u042b\u0422:<\/h3>\n<\/div>\n<div id=\"cmsmasters_heading_69f32d3b1eefd3_11413192\" class=\"cmsmasters_heading_wrap cmsmasters_heading_align_left\">\n\t<h5 class=\"cmsmasters_heading\">E-R 10:00 &#8212; 20:00<\/h5>\n<\/div>\n<div id=\"cmsmasters_heading_69f32d3b1ef0a9_48234973\" class=\"cmsmasters_heading_wrap cmsmasters_heading_align_left\">\n\t<h5 class=\"cmsmasters_heading\">L-P 10:00 &#8212; 18:00<\/h5>\n<\/div>\n<div id=\"cmsmasters_heading_69f32d3b1ef189_07944151\" class=\"cmsmasters_heading_wrap cmsmasters_heading_align_left\">\n\t<h3 class=\"cmsmasters_heading\">\u042d-\u041f\u041e\u0427\u0422\u0410:<\/h3>\n<\/div>\n<div id=\"cmsmasters_heading_69f32d3b1ef259_33751854\" class=\"cmsmasters_heading_wrap cmsmasters_heading_align_left\">\n\t<h5 class=\"cmsmasters_heading\"><a href=\"tel:+3723225445\">klient.ee@pepco.eu<\/a><\/h5>\n<\/div>\n<div id=\"cmsmasters_heading_69f32d3b1ef318_51632664\" class=\"cmsmasters_heading_wrap cmsmasters_heading_align_left\">\n\t<h3 class=\"cmsmasters_heading\">\u0421\u0410\u0419\u0422:<\/h3>\n<\/div>\n<div id=\"cmsmasters_heading_69f32d3b1ef3e0_69857296\" class=\"cmsmasters_heading_wrap cmsmasters_heading_align_left\">\n\t<h5 class=\"cmsmasters_heading\"><a href=\"https:\/\/pepco.ee\/ \" target=\"_blank\">https:\/\/pepco.ee\/ <\/a><\/h5>\n<\/div>\n<\/div>\n<div class=\"cmsmasters_column three_fourth\">\n\n<div id=\"cmsmasters_heading_69f32d3b1ef934_72666028\" class=\"cmsmasters_heading_wrap cmsmasters_heading_align_left\">\n\t<h1 class=\"cmsmasters_heading\">Pepco<\/h1>\n<\/div>\n\n<div id=\"cmsmasters_divider_69f32d3b1efa45_27591518\" class=\"cmsmasters_divider cmsmasters_divider_width_long cmsmasters_divider_pos_center\"><\/div>\n<div class=\"cmsmasters_text\">\n<p>PEPCO &#8212; \u043f\u043e\u043f\u0443\u043b\u044f\u0440\u043d\u0430\u044f \u0435\u0432\u0440\u043e\u043f\u0435\u0439\u0441\u043a\u0430\u044f \u0440\u043e\u0437\u043d\u0438\u0447\u043d\u0430\u044f \u0441\u0435\u0442\u044c, \u043f\u0440\u0435\u0434\u043b\u0430\u0433\u0430\u044e\u0449\u0430\u044f \u043e\u0434\u0435\u0436\u0434\u0443 \u0434\u043b\u044f \u0432\u0441\u0435\u0439 \u0441\u0435\u043c\u044c\u0438 \u0438 \u0442\u043e\u0432\u0430\u0440\u044b \u0434\u043b\u044f \u0434\u043e\u043c\u0430 \u043f\u043e \u043d\u0438\u0437\u043a\u0438\u043c \u0446\u0435\u043d\u0430\u043c. \u0411\u044b\u0442\u044c \u0431\u043b\u0438\u0436\u0435 \u043a \u043a\u043b\u0438\u0435\u043d\u0442\u0430\u043c, \u0431\u043b\u0430\u0433\u043e\u0434\u0430\u0440\u044f \u0438\u043d\u0442\u0435\u043d\u0441\u0438\u0432\u043d\u043e\u043c\u0443 \u0440\u0430\u0441\u043f\u0440\u043e\u0441\u0442\u0440\u0430\u043d\u0435\u043d\u0438\u044e \u043f\u043e \u0432\u0441\u0435\u0439 \u0415\u0432\u0440\u043e\u043f\u0435 \u0438 \u043e\u0431\u0448\u0438\u0440\u043d\u043e\u0439 \u043c\u0435\u0441\u0442\u043d\u043e\u0439 \u0441\u0435\u0442\u0438 \u043c\u0430\u0433\u0430\u0437\u0438\u043d\u043e\u0432, \u0430 \u0442\u0430\u043a\u0436\u0435 \u043d\u0438\u0437\u043a\u0438\u043c \u0446\u0435\u043d\u0430\u043c &#8212; \u0432\u043e\u0442 \u043a\u043b\u044e\u0447\u0435\u0432\u044b\u0435 \u0444\u0430\u043a\u0442\u043e\u0440\u044b, \u043a\u043e\u0442\u043e\u0440\u044b\u0435 \u0434\u0435\u043b\u0430\u044e\u0442 \u0431\u0440\u0435\u043d\u0434 PEPCO \u0445\u043e\u0440\u043e\u0448\u043e \u0438\u0437\u0432\u0435\u0441\u0442\u043d\u044b\u043c \u0438 \u043b\u044e\u0431\u0438\u043c\u044b\u043c \u043a\u043b\u0438\u0435\u043d\u0442\u0430\u043c\u0438.<\/p>\n<p>\u041c\u0438\u0441\u0441\u0438\u044f PEPCO &#8212; \u043f\u0440\u0435\u0434\u043e\u0441\u0442\u0430\u0432\u043b\u044f\u0442\u044c \u043a\u043b\u0438\u0435\u043d\u0442\u0430\u043c \u043a\u0430\u0447\u0435\u0441\u0442\u0432\u0435\u043d\u043d\u0443\u044e \u043f\u0440\u043e\u0434\u0443\u043a\u0446\u0438\u044e \u043f\u043e \u043d\u0438\u0437\u043a\u043e\u0439 \u0446\u0435\u043d\u0435, \u043a\u043e\u0442\u043e\u0440\u0430\u044f \u043f\u043e\u0437\u0432\u043e\u043b\u0438\u0442 \u0438\u043c \u043e\u0434\u0435\u0432\u0430\u0442\u044c \u0432\u0441\u0435\u0445 \u0447\u043b\u0435\u043d\u043e\u0432 \u0441\u0435\u043c\u044c\u0438, \u0443\u043a\u0440\u0430\u0448\u0430\u0442\u044c \u0438 \u0441\u043e\u0434\u0435\u0440\u0436\u0430\u0442\u044c \u0441\u0432\u043e\u0438 \u0434\u043e\u043c\u0430. \u041f\u043e\u044d\u0442\u043e\u043c\u0443 \u0437\u0434\u0435\u0441\u044c \u0432\u044b \u043d\u0430\u0439\u0434\u0435\u0442\u0435 \u043a\u0430\u0447\u0435\u0441\u0442\u0432\u0435\u043d\u043d\u0443\u044e \u043e\u0434\u0435\u0436\u0434\u0443 \u0438 \u043e\u0431\u0443\u0432\u044c \u0434\u043b\u044f \u043c\u043b\u0430\u0434\u0435\u043d\u0446\u0435\u0432, \u0434\u0435\u0442\u0435\u0439, \u043f\u043e\u0434\u0440\u043e\u0441\u0442\u043a\u043e\u0432 \u0438 \u0432\u0437\u0440\u043e\u0441\u043b\u044b\u0445. \u0412 \u043c\u0430\u0433\u0430\u0437\u0438\u043d\u0430\u0445 PEPCO \u0442\u0430\u043a\u0436\u0435 \u043f\u0440\u0435\u0434\u0441\u0442\u0430\u0432\u043b\u0435\u043d \u0448\u0438\u0440\u043e\u043a\u0438\u0439 \u0430\u0441\u0441\u043e\u0440\u0442\u0438\u043c\u0435\u043d\u0442 \u0442\u043e\u0432\u0430\u0440\u043e\u0432 \u0434\u043b\u044f \u0434\u043e\u043c\u0430, \u0432\u043a\u043b\u044e\u0447\u0430\u044f \u0430\u043a\u0441\u0435\u0441\u0441\u0443\u0430\u0440\u044b \u0434\u043b\u044f \u0434\u043e\u043c\u0430, \u0442\u0435\u043a\u0441\u0442\u0438\u043b\u044c, \u0442\u043e\u0432\u0430\u0440\u044b \u0434\u043b\u044f \u0433\u043e\u0442\u043e\u0432\u043a\u0438 \u0438 \u043f\u0440\u0435\u0434\u043c\u0435\u0442\u044b \u0434\u043e\u043c\u0430\u0448\u043d\u0435\u0433\u043e \u0443\u0445\u043e\u0434\u0430. PEPCO \u0443\u0434\u0435\u043b\u044f\u0435\u0442 \u0431\u043e\u043b\u044c\u0448\u043e\u0435 \u0432\u043d\u0438\u043c\u0430\u043d\u0438\u0435 \u043a\u0430\u0442\u0435\u0433\u043e\u0440\u0438\u0438 \u0438\u0433\u0440\u0443\u0448\u0435\u043a, \u0433\u0434\u0435 \u043c\u043e\u0436\u043d\u043e \u043d\u0430\u0439\u0442\u0438 \u0438\u0433\u0440\u0443\u0448\u043a\u0438 \u0438 \u0440\u0430\u0437\u0432\u0438\u0432\u0430\u044e\u0449\u0438\u0435 \u0442\u043e\u0432\u0430\u0440\u044b \u0434\u043b\u044f \u0434\u0435\u0442\u0435\u0439 \u0440\u0430\u0437\u043d\u044b\u0445 \u0432\u043e\u0437\u0440\u0430\u0441\u0442\u043e\u0432 \u0438 \u0438\u043d\u0442\u0435\u0440\u0435\u0441\u043e\u0432.<\/p>\n<p>PEPCO &#8212; \u044d\u0442\u043e \u0441\u0435\u0442\u044c \u043c\u0430\u0433\u0430\u0437\u0438\u043d\u043e\u0432 \u0434\u043b\u044f \u0432\u0441\u0435\u0439 \u0441\u0435\u043c\u044c\u0438, \u0433\u0434\u0435 \u043a\u0430\u0436\u0434\u044b\u0439 \u0447\u043b\u0435\u043d \u0441\u0435\u043c\u044c\u0438 \u043d\u0430\u0439\u0434\u0435\u0442 \u0434\u043b\u044f \u0441\u0435\u0431\u044f \u043d\u0443\u0436\u043d\u044b\u0439 \u0438 \u043b\u044e\u0431\u0438\u043c\u044b\u0439 \u0442\u043e\u0432\u0430\u0440.<\/p>\n<\/div>\n\n<div id=\"cmsmasters_divider_69f32d3b1efdc3_19140226\" class=\"cl\"><\/div>\n<div id=\"cmsmasters_gallery_69f32d3b1eff43_34999644\" class=\"cmsmasters_gallery_wrap\"><ul class=\"cmsmasters_gallery cmsmasters_3 cmsmasters_more_items_loader\"><li class=\"cmsmasters_gallery_item\"><figure><a href=\"\" rel=\"ilightbox[69f32d3b1eff43_34999644]\"><\/a><\/figure><\/li><li class=\"cmsmasters_gallery_item\"><figure><a href=\"\" rel=\"ilightbox[69f32d3b1eff43_34999644]\"><\/a><\/figure><\/li><li class=\"cmsmasters_gallery_item\"><figure><a href=\"\" rel=\"ilightbox[69f32d3b1eff43_34999644]\"><\/a><\/figure><\/li><\/ul><script type=\"text\/javascript\">\r\n\t\t\t\tjQuery(document).ready(function () {\r\n\t\t\t\t\t(function ($) {\r\n\t\t\t\t\t\tif ($('#cmsmasters_gallery_69f32d3b1eff43_34999644').find('.cmsmasters_gallery_item').length == '0') {\r\n\t\t\t\t\t\t\treturn false;\r\n\t\t\t\t\t\t}\r\n\t\t\t\t\t\t\r\n\t\t\t\t\t\t\r\n\t\t\t\t\t\tstartGallery( \r\n\t\t\t\t\t\t\t'69f32d3b1eff43_34999644', \r\n\t\t\t\t\t\t\t'grid', \r\n\t\t\t\t\t\t\t'false', \r\n\t\t\t\t\t\t\t'false' \r\n\t\t\t\t\t\t);\r\n\t\t\t\t\t} )(jQuery);\r\n\t\t\t\t} );\r\n\t\t\t<\/script>\r\n\t\t\t<\/div>\n<\/div>\n<\/div>\n<\/div>\n<\/div>\n<\/div>\n<\/div>\n\n","protected":false},"excerpt":{"rendered":"","protected":false},"author":1,"featured_media":0,"parent":0,"menu_order":0,"comment_status":"closed","ping_status":"closed","template":"","meta":{"footnotes":""},"class_list":["post-12577","page","type-page","status-publish","hentry"],"yoast_head":"<!-- This site is optimized with the Yoast SEO plugin v25.9 - https:\/\/yoast.com\/wordpress\/plugins\/seo\/ -->\n<title>Pepco | \u0426\u0435\u043d\u0442\u0435\u0440 Vironia<\/title>\n<meta name=\"description\" content=\"\u00dcks suurimaid kaubanduskeskusi Ida-Virumaal. Enam kui 30 erinevat kauplust - toidukaubad, restoranid, ilukaubad, r\u00f5ivad, jalan\u00f5ud, elektroonika, ehitusmaterjalid ja palju muud. Oleme avatud iga p\u00e4ev 8-st kuni 22-ni.\" \/>\n<meta name=\"robots\" content=\"index, follow, max-snippet:-1, max-image-preview:large, max-video-preview:-1\" \/>\n<link rel=\"canonical\" href=\"https:\/\/vironiakeskus.ee\/ru\/pepco\/\" \/>\n<meta property=\"og:locale\" content=\"ru_RU\" \/>\n<meta property=\"og:type\" content=\"article\" \/>\n<meta property=\"og:title\" content=\"Pepco | \u0426\u0435\u043d\u0442\u0435\u0440 Vironia\" \/>\n<meta property=\"og:description\" content=\"\u00dcks suurimaid kaubanduskeskusi Ida-Virumaal. Enam kui 30 erinevat kauplust - toidukaubad, restoranid, ilukaubad, r\u00f5ivad, jalan\u00f5ud, elektroonika, ehitusmaterjalid ja palju muud. Oleme avatud iga p\u00e4ev 8-st kuni 22-ni.\" \/>\n<meta property=\"og:url\" content=\"https:\/\/vironiakeskus.ee\/ru\/pepco\/\" \/>\n<meta property=\"og:site_name\" content=\"\u0426\u0435\u043d\u0442\u0435\u0440 Vironia\" \/>\n<meta property=\"article:modified_time\" content=\"2022-09-02T09:16:57+00:00\" \/>\n<meta name=\"twitter:card\" content=\"summary_large_image\" \/>\n<meta name=\"twitter:label1\" content=\"\u041f\u0440\u0438\u043c\u0435\u0440\u043d\u043e\u0435 \u0432\u0440\u0435\u043c\u044f \u0434\u043b\u044f \u0447\u0442\u0435\u043d\u0438\u044f\" \/>\n\t<meta name=\"twitter:data1\" content=\"2 \u043c\u0438\u043d\u0443\u0442\u044b\" \/>\n<script type=\"application\/ld+json\" class=\"yoast-schema-graph\">{\"@context\":\"https:\/\/schema.org\",\"@graph\":[{\"@type\":\"WebPage\",\"@id\":\"https:\/\/vironiakeskus.ee\/ru\/pepco\/\",\"url\":\"https:\/\/vironiakeskus.ee\/ru\/pepco\/\",\"name\":\"Pepco | \u0426\u0435\u043d\u0442\u0435\u0440 Vironia\",\"isPartOf\":{\"@id\":\"https:\/\/vironiakeskus.ee\/ru\/#website\"},\"datePublished\":\"2022-09-02T09:08:39+00:00\",\"dateModified\":\"2022-09-02T09:16:57+00:00\",\"description\":\"\u00dcks suurimaid kaubanduskeskusi Ida-Virumaal. Enam kui 30 erinevat kauplust - toidukaubad, restoranid, ilukaubad, r\u00f5ivad, jalan\u00f5ud, elektroonika, ehitusmaterjalid ja palju muud. Oleme avatud iga p\u00e4ev 8-st kuni 22-ni.\",\"breadcrumb\":{\"@id\":\"https:\/\/vironiakeskus.ee\/ru\/pepco\/#breadcrumb\"},\"inLanguage\":\"ru-RU\",\"potentialAction\":[{\"@type\":\"ReadAction\",\"target\":[\"https:\/\/vironiakeskus.ee\/ru\/pepco\/\"]}]},{\"@type\":\"BreadcrumbList\",\"@id\":\"https:\/\/vironiakeskus.ee\/ru\/pepco\/#breadcrumb\",\"itemListElement\":[{\"@type\":\"ListItem\",\"position\":1,\"name\":\"\u0413\u043b\u0430\u0432\u043d\u0430\u044f\",\"item\":\"https:\/\/vironiakeskus.ee\/ru\/\"},{\"@type\":\"ListItem\",\"position\":2,\"name\":\"Pepco\"}]},{\"@type\":\"WebSite\",\"@id\":\"https:\/\/vironiakeskus.ee\/ru\/#website\",\"url\":\"https:\/\/vironiakeskus.ee\/ru\/\",\"name\":\"\u0426\u0435\u043d\u0442\u0435\u0440 Vironia\",\"description\":\"\u0414\u0435\u043b\u0430\u0439\u0442\u0435 \u043f\u043e\u043a\u0443\u043f\u043a\u0438 \u0443 \u043d\u0430\u0441!\",\"potentialAction\":[{\"@type\":\"SearchAction\",\"target\":{\"@type\":\"EntryPoint\",\"urlTemplate\":\"https:\/\/vironiakeskus.ee\/ru\/?s={search_term_string}\"},\"query-input\":{\"@type\":\"PropertyValueSpecification\",\"valueRequired\":true,\"valueName\":\"search_term_string\"}}],\"inLanguage\":\"ru-RU\"}]}<\/script>\n<!-- \/ Yoast SEO plugin. -->","yoast_head_json":{"title":"Pepco | \u0426\u0435\u043d\u0442\u0435\u0440 Vironia","description":"\u00dcks suurimaid kaubanduskeskusi Ida-Virumaal. Enam kui 30 erinevat kauplust - toidukaubad, restoranid, ilukaubad, r\u00f5ivad, jalan\u00f5ud, elektroonika, ehitusmaterjalid ja palju muud. Oleme avatud iga p\u00e4ev 8-st kuni 22-ni.","robots":{"index":"index","follow":"follow","max-snippet":"max-snippet:-1","max-image-preview":"max-image-preview:large","max-video-preview":"max-video-preview:-1"},"canonical":"https:\/\/vironiakeskus.ee\/ru\/pepco\/","og_locale":"ru_RU","og_type":"article","og_title":"Pepco | \u0426\u0435\u043d\u0442\u0435\u0440 Vironia","og_description":"\u00dcks suurimaid kaubanduskeskusi Ida-Virumaal. Enam kui 30 erinevat kauplust - toidukaubad, restoranid, ilukaubad, r\u00f5ivad, jalan\u00f5ud, elektroonika, ehitusmaterjalid ja palju muud. Oleme avatud iga p\u00e4ev 8-st kuni 22-ni.","og_url":"https:\/\/vironiakeskus.ee\/ru\/pepco\/","og_site_name":"\u0426\u0435\u043d\u0442\u0435\u0440 Vironia","article_modified_time":"2022-09-02T09:16:57+00:00","twitter_card":"summary_large_image","twitter_misc":{"\u041f\u0440\u0438\u043c\u0435\u0440\u043d\u043e\u0435 \u0432\u0440\u0435\u043c\u044f \u0434\u043b\u044f \u0447\u0442\u0435\u043d\u0438\u044f":"2 \u043c\u0438\u043d\u0443\u0442\u044b"},"schema":{"@context":"https:\/\/schema.org","@graph":[{"@type":"WebPage","@id":"https:\/\/vironiakeskus.ee\/ru\/pepco\/","url":"https:\/\/vironiakeskus.ee\/ru\/pepco\/","name":"Pepco | \u0426\u0435\u043d\u0442\u0435\u0440 Vironia","isPartOf":{"@id":"https:\/\/vironiakeskus.ee\/ru\/#website"},"datePublished":"2022-09-02T09:08:39+00:00","dateModified":"2022-09-02T09:16:57+00:00","description":"\u00dcks suurimaid kaubanduskeskusi Ida-Virumaal. Enam kui 30 erinevat kauplust - toidukaubad, restoranid, ilukaubad, r\u00f5ivad, jalan\u00f5ud, elektroonika, ehitusmaterjalid ja palju muud. Oleme avatud iga p\u00e4ev 8-st kuni 22-ni.","breadcrumb":{"@id":"https:\/\/vironiakeskus.ee\/ru\/pepco\/#breadcrumb"},"inLanguage":"ru-RU","potentialAction":[{"@type":"ReadAction","target":["https:\/\/vironiakeskus.ee\/ru\/pepco\/"]}]},{"@type":"BreadcrumbList","@id":"https:\/\/vironiakeskus.ee\/ru\/pepco\/#breadcrumb","itemListElement":[{"@type":"ListItem","position":1,"name":"\u0413\u043b\u0430\u0432\u043d\u0430\u044f","item":"https:\/\/vironiakeskus.ee\/ru\/"},{"@type":"ListItem","position":2,"name":"Pepco"}]},{"@type":"WebSite","@id":"https:\/\/vironiakeskus.ee\/ru\/#website","url":"https:\/\/vironiakeskus.ee\/ru\/","name":"\u0426\u0435\u043d\u0442\u0435\u0440 Vironia","description":"\u0414\u0435\u043b\u0430\u0439\u0442\u0435 \u043f\u043e\u043a\u0443\u043f\u043a\u0438 \u0443 \u043d\u0430\u0441!","potentialAction":[{"@type":"SearchAction","target":{"@type":"EntryPoint","urlTemplate":"https:\/\/vironiakeskus.ee\/ru\/?s={search_term_string}"},"query-input":{"@type":"PropertyValueSpecification","valueRequired":true,"valueName":"search_term_string"}}],"inLanguage":"ru-RU"}]}},"_links":{"self":[{"href":"https:\/\/vironiakeskus.ee\/ru\/wp-json\/wp\/v2\/pages\/12577","targetHints":{"allow":["GET"]}}],"collection":[{"href":"https:\/\/vironiakeskus.ee\/ru\/wp-json\/wp\/v2\/pages"}],"about":[{"href":"https:\/\/vironiakeskus.ee\/ru\/wp-json\/wp\/v2\/types\/page"}],"author":[{"embeddable":true,"href":"https:\/\/vironiakeskus.ee\/ru\/wp-json\/wp\/v2\/users\/1"}],"replies":[{"embeddable":true,"href":"https:\/\/vironiakeskus.ee\/ru\/wp-json\/wp\/v2\/comments?post=12577"}],"version-history":[{"count":2,"href":"https:\/\/vironiakeskus.ee\/ru\/wp-json\/wp\/v2\/pages\/12577\/revisions"}],"predecessor-version":[{"id":12579,"href":"https:\/\/vironiakeskus.ee\/ru\/wp-json\/wp\/v2\/pages\/12577\/revisions\/12579"}],"wp:attachment":[{"href":"https:\/\/vironiakeskus.ee\/ru\/wp-json\/wp\/v2\/media?parent=12577"}],"curies":[{"name":"wp","href":"https:\/\/api.w.org\/{rel}","templated":true}]}}