{"id":26402,"date":"2015-04-20T11:50:56","date_gmt":"2015-04-20T08:50:56","guid":{"rendered":"https:\/\/vironiakeskus.ee\/rendile-anda\/"},"modified":"2025-05-13T10:29:20","modified_gmt":"2025-05-13T07:29:20","slug":"%d1%81%d0%b2%d0%be%d0%b1%d0%be%d0%b4%d0%bd%d1%8b%d0%b5-%d0%bf%d0%bb%d0%be%d1%89%d0%b0%d0%b4%d0%b8","status":"publish","type":"page","link":"https:\/\/vironiakeskus.ee\/ru\/%d1%81%d0%b2%d0%be%d0%b1%d0%be%d0%b4%d0%bd%d1%8b%d0%b5-%d0%bf%d0%bb%d0%be%d1%89%d0%b0%d0%b4%d0%b8\/","title":{"rendered":"\u0421\u0432\u043e\u0431\u043e\u0434\u043d\u044b\u0435 \u043f\u043b\u043e\u0449\u0430\u0434\u0438"},"content":{"rendered":"<style type=\"text\/css\"> \n#cmsmasters_row_69ea0a00337a64_43830898 .cmsmasters_row_outer_parent { \n\tpadding-top: 100px; \n} \n\n#cmsmasters_row_69ea0a00337a64_43830898 .cmsmasters_row_outer_parent { \n\tpadding-bottom: 50px; \n} \n\n \n#cmsmasters_divider_69ea0a00338784_46446475 { \n\tborder-bottom-width:1px; \n\tborder-bottom-style:solid; \n\tpadding-top:0px; \n\tmargin-bottom:0px; \n} \n \n#cmsmasters_row_69ea0a00338932_60479624 .cmsmasters_row_outer_parent { \n\tpadding-top: 0px; \n} \n\n#cmsmasters_row_69ea0a00338932_60479624 .cmsmasters_row_outer_parent { \n\tpadding-bottom: 100px; \n} \n\n<\/style><div id=\"cmsmasters_row_69ea0a00337a64_43830898\" class=\"cmsmasters_row cmsmasters_color_scheme_default cmsmasters_row_top_default cmsmasters_row_bot_default cmsmasters_row_boxed\">\n<div class=\"cmsmasters_row_outer_parent\">\n<div class=\"cmsmasters_row_outer\">\n<div class=\"cmsmasters_row_inner\">\n<div class=\"cmsmasters_row_margin\">\n<div class=\"cmsmasters_column one_first\">\n<div class=\"cmsmasters_text\">\n<h1 style=\"text-align: center;\">\u0421\u0412\u041e\u0411\u041e\u0414\u041d\u042b\u0415 \u041f\u041e\u041c\u0415\u0429\u0415\u041d\u0418\u042f \u0412 \u0410\u0420\u0415\u041d\u0414\u0423<\/h1>\n<\/div>\n\n<div id=\"cmsmasters_divider_69ea0a00338784_46446475\" class=\"cmsmasters_divider cmsmasters_divider_width_long cmsmasters_divider_pos_center\"><\/div>\n<\/div>\n<\/div>\n<\/div>\n<\/div>\n<\/div>\n<\/div>\n<div id=\"cmsmasters_row_69ea0a00338932_60479624\" class=\"cmsmasters_row cmsmasters_color_scheme_default cmsmasters_row_top_default cmsmasters_row_bot_default cmsmasters_row_boxed\">\n<div class=\"cmsmasters_row_outer_parent\">\n<div class=\"cmsmasters_row_outer\">\n<div class=\"cmsmasters_row_inner\">\n<div class=\"cmsmasters_row_margin\">\n<div class=\"cmsmasters_column one_first\">\n<div class=\"cmsmasters_text\">\n<p>&nbsp;<\/p>\n<ul>\n<li style=\"font-size: 18px; font-family: 'Titillium Web', Arial, Helvetica, 'Nimbus Sans L', sans-serif; font-weight: 600; color: black; text-align: center;\">\u0421\u0432\u043e\u0431\u043e\u0434\u043d\u044b\u0435 \u043f\u043e\u043c\u0435\u0449\u0435\u043d\u0438\u044f:<\/li>\n<li style=\"font-size: 18px; font-family: 'Titillium Web', Arial, Helvetica, 'Nimbus Sans L', sans-serif; font-weight: 600; color: black; text-align: center;\">\u041f\u043e\u043c\u0435\u0449\u0435\u043d\u0438\u0435 \u0440\u0430\u0437\u043c\u0435\u0440\u043e\u043c \u0432 5\u043c2 &#8212; <a class=\"link\" style=\"text-align: left; font-size: 18px; font-family: 'Titillium Web', Arial, Helvetica, 'Nimbus Sans L', sans-serif; font-weight: 600; color: black;\" href=\"https:\/\/vironiakeskus.ee\/ru\/%d0%ba%d0%b0%d1%80%d1%82%d0%b0-%d1%86%d0%b5%d0%bd%d1%82%d1%80%d0%b0-vironia\/?location=pind23\">\u043f\u043e\u0441\u043c\u043e\u0442\u0440\u0435\u0442\u044c \u043d\u0430 \u043a\u0430\u0440\u0442\u0435<\/a><\/li>\n<li style=\"font-size: 18px; font-family: 'Titillium Web', Arial, Helvetica, 'Nimbus Sans L', sans-serif; font-weight: 600; color: black; text-align: center;\">\u041f\u043e\u043c\u0435\u0449\u0435\u043d\u0438\u0435 \u0440\u0430\u0437\u043c\u0435\u0440\u043e\u043c \u0432 10\u043c2 &#8212; <a class=\"link\" style=\"text-align: left; font-size: 18px; font-family: 'Titillium Web', Arial, Helvetica, 'Nimbus Sans L', sans-serif; font-weight: 600; color: black;\" href=\"https:\/\/vironiakeskus.ee\/ru\/%d0%ba%d0%b0%d1%80%d1%82%d0%b0-%d1%86%d0%b5%d0%bd%d1%82%d1%80%d0%b0-vironia\/?location=pind34#\">\u043f\u043e\u0441\u043c\u043e\u0442\u0440\u0435\u0442\u044c \u043d\u0430 \u043a\u0430\u0440\u0442\u0435<\/a><\/li>\n<li style=\"font-size: 18px; font-family: 'Titillium Web', Arial, Helvetica, 'Nimbus Sans L', sans-serif; font-weight: 600; color: black; text-align: center;\">\u041f\u043e\u043c\u0435\u0449\u0435\u043d\u0438\u0435 \u0440\u0430\u0437\u043c\u0435\u0440\u043e\u043c \u0432 20\u043c2 &#8212; <a class=\"link\" style=\"text-align: left; font-size: 18px; font-family: 'Titillium Web', Arial, Helvetica, 'Nimbus Sans L', sans-serif; font-weight: 600; color: black;\" href=\"https:\/\/vironiakeskus.ee\/ru\/%d0%ba%d0%b0%d1%80%d1%82%d0%b0-%d1%86%d0%b5%d0%bd%d1%82%d1%80%d0%b0-vironia\/?location=pind18#\">\u043f\u043e\u0441\u043c\u043e\u0442\u0440\u0435\u0442\u044c \u043d\u0430 \u043a\u0430\u0440\u0442\u0435<\/a><\/li>\n<li style=\"font-size: 18px; font-family: 'Titillium Web', Arial, Helvetica, 'Nimbus Sans L', sans-serif; font-weight: 600; color: black; text-align: center;\">\u041f\u043e\u043c\u0435\u0449\u0435\u043d\u0438\u0435 \u0440\u0430\u0437\u043c\u0435\u0440\u043e\u043c \u0432 45\u043c2 &#8212; <a class=\"link\" style=\"text-align: left; font-size: 18px; font-family: 'Titillium Web', Arial, Helvetica, 'Nimbus Sans L', sans-serif; font-weight: 600; color: black;\" href=\"https:\/\/vironiakeskus.ee\/ru\/%d0%ba%d0%b0%d1%80%d1%82%d0%b0-%d1%86%d0%b5%d0%bd%d1%82%d1%80%d0%b0-vironia\/?location=pind11\">\u043f\u043e\u0441\u043c\u043e\u0442\u0440\u0435\u0442\u044c \u043d\u0430 \u043a\u0430\u0440\u0442\u0435<\/a><\/li>\n<li style=\"font-size: 18px; font-family: 'Titillium Web', Arial, Helvetica, 'Nimbus Sans L', sans-serif; font-weight: 600; color: black; text-align: center;\">\u041f\u043e\u043c\u0435\u0449\u0435\u043d\u0438\u0435 \u0440\u0430\u0437\u043c\u0435\u0440\u043e\u043c \u0432 58\u043c2 &#8212; <a class=\"link\" style=\"text-align: left; font-size: 18px; font-family: 'Titillium Web', Arial, Helvetica, 'Nimbus Sans L', sans-serif; font-weight: 600; color: black;\" href=\"https:\/\/vironiakeskus.ee\/ru\/%d0%ba%d0%b0%d1%80%d1%82%d0%b0-%d1%86%d0%b5%d0%bd%d1%82%d1%80%d0%b0-vironia\/?location=pind10\">\u043f\u043e\u0441\u043c\u043e\u0442\u0440\u0435\u0442\u044c \u043d\u0430 \u043a\u0430\u0440\u0442\u0435<\/a><\/li>\n<li style=\"font-size: 18px; font-family: 'Titillium Web', Arial, Helvetica, 'Nimbus Sans L', sans-serif; font-weight: 600; color: black; text-align: center;\">\u00a0 \u041f\u043e\u043c\u0435\u0449\u0435\u043d\u0438\u0435 \u0440\u0430\u0437\u043c\u0435\u0440\u043e\u043c \u0432 105\u043c2 &#8212; <a class=\"link\" style=\"text-align: left; font-size: 18px; font-family: 'Titillium Web', Arial, Helvetica, 'Nimbus Sans L', sans-serif; font-weight: 600; color: black;\" href=\"https:\/\/vironiakeskus.ee\/ru\/%d0%ba%d0%b0%d1%80%d1%82%d0%b0-%d1%86%d0%b5%d0%bd%d1%82%d1%80%d0%b0-vironia\/?location=pind3#\">\u043f\u043e\u0441\u043c\u043e\u0442\u0440\u0435\u0442\u044c \u043d\u0430 \u043a\u0430\u0440\u0442\u0435<\/a><\/li>\n<li style=\"font-size: 18px; font-family: 'Titillium Web', Arial, Helvetica, 'Nimbus Sans L', sans-serif; font-weight: 600; color: black; text-align: center;\">\u00a0 \u041f\u043e\u043c\u0435\u0449\u0435\u043d\u0438\u0435 \u0440\u0430\u0437\u043c\u0435\u0440\u043e\u043c \u0432 741\u043c2 &#8212; <a class=\"link\" style=\"text-align: left; font-size: 18px; font-family: 'Titillium Web', Arial, Helvetica, 'Nimbus Sans L', sans-serif; font-weight: 600; color: black;\" href=\"https:\/\/vironiakeskus.ee\/ru\/%d0%ba%d0%b0%d1%80%d1%82%d0%b0-%d1%86%d0%b5%d0%bd%d1%82%d1%80%d0%b0-vironia\/?location=pind8#\">\u043f\u043e\u0441\u043c\u043e\u0442\u0440\u0435\u0442\u044c \u043d\u0430 \u043a\u0430\u0440\u0442\u0435<\/a><\/li>\n<\/ul>\n<\/div>\n<\/div>\n<\/div>\n<\/div>\n<\/div>\n<\/div>\n<\/div>\n\n","protected":false},"excerpt":{"rendered":"","protected":false},"author":1,"featured_media":0,"parent":0,"menu_order":0,"comment_status":"closed","ping_status":"closed","template":"","meta":{"footnotes":""},"class_list":["post-26402","page","type-page","status-publish","hentry"],"yoast_head":"<!-- This site is optimized with the Yoast SEO plugin v25.9 - https:\/\/yoast.com\/wordpress\/plugins\/seo\/ -->\n<title>\u0421\u0432\u043e\u0431\u043e\u0434\u043d\u044b\u0435 \u043f\u043b\u043e\u0449\u0430\u0434\u0438 | \u0426\u0435\u043d\u0442\u0435\u0440 Vironia<\/title>\n<meta name=\"description\" content=\"\u00dcks suurimaid kaubanduskeskusi Ida-Virumaal. Enam kui 30 erinevat kauplust - toidukaubad, restoranid, ilukaubad, r\u00f5ivad, jalan\u00f5ud, elektroonika, ehitusmaterjalid ja palju muud. Oleme avatud iga p\u00e4ev 8-st kuni 22-ni.\" \/>\n<meta name=\"robots\" content=\"index, follow, max-snippet:-1, max-image-preview:large, max-video-preview:-1\" \/>\n<link rel=\"canonical\" href=\"https:\/\/vironiakeskus.ee\/ru\/%d1%81%d0%b2%d0%be%d0%b1%d0%be%d0%b4%d0%bd%d1%8b%d0%b5-%d0%bf%d0%bb%d0%be%d1%89%d0%b0%d0%b4%d0%b8\/\" \/>\n<meta property=\"og:locale\" content=\"ru_RU\" \/>\n<meta property=\"og:type\" content=\"article\" \/>\n<meta property=\"og:title\" content=\"\u0421\u0432\u043e\u0431\u043e\u0434\u043d\u044b\u0435 \u043f\u043b\u043e\u0449\u0430\u0434\u0438 | \u0426\u0435\u043d\u0442\u0435\u0440 Vironia\" \/>\n<meta property=\"og:description\" content=\"\u00dcks suurimaid kaubanduskeskusi Ida-Virumaal. Enam kui 30 erinevat kauplust - toidukaubad, restoranid, ilukaubad, r\u00f5ivad, jalan\u00f5ud, elektroonika, ehitusmaterjalid ja palju muud. Oleme avatud iga p\u00e4ev 8-st kuni 22-ni.\" \/>\n<meta property=\"og:url\" content=\"https:\/\/vironiakeskus.ee\/ru\/%d1%81%d0%b2%d0%be%d0%b1%d0%be%d0%b4%d0%bd%d1%8b%d0%b5-%d0%bf%d0%bb%d0%be%d1%89%d0%b0%d0%b4%d0%b8\/\" \/>\n<meta property=\"og:site_name\" content=\"\u0426\u0435\u043d\u0442\u0435\u0440 Vironia\" \/>\n<meta property=\"article:modified_time\" content=\"2025-05-13T07:29:20+00:00\" \/>\n<meta name=\"twitter:card\" content=\"summary_large_image\" \/>\n<meta name=\"twitter:label1\" content=\"\u041f\u0440\u0438\u043c\u0435\u0440\u043d\u043e\u0435 \u0432\u0440\u0435\u043c\u044f \u0434\u043b\u044f \u0447\u0442\u0435\u043d\u0438\u044f\" \/>\n\t<meta name=\"twitter:data1\" content=\"1 \u043c\u0438\u043d\u0443\u0442\u0430\" \/>\n<script type=\"application\/ld+json\" class=\"yoast-schema-graph\">{\"@context\":\"https:\/\/schema.org\",\"@graph\":[{\"@type\":\"WebPage\",\"@id\":\"https:\/\/vironiakeskus.ee\/ru\/%d1%81%d0%b2%d0%be%d0%b1%d0%be%d0%b4%d0%bd%d1%8b%d0%b5-%d0%bf%d0%bb%d0%be%d1%89%d0%b0%d0%b4%d0%b8\/\",\"url\":\"https:\/\/vironiakeskus.ee\/ru\/%d1%81%d0%b2%d0%be%d0%b1%d0%be%d0%b4%d0%bd%d1%8b%d0%b5-%d0%bf%d0%bb%d0%be%d1%89%d0%b0%d0%b4%d0%b8\/\",\"name\":\"\u0421\u0432\u043e\u0431\u043e\u0434\u043d\u044b\u0435 \u043f\u043b\u043e\u0449\u0430\u0434\u0438 | \u0426\u0435\u043d\u0442\u0435\u0440 Vironia\",\"isPartOf\":{\"@id\":\"https:\/\/vironiakeskus.ee\/ru\/#website\"},\"datePublished\":\"2015-04-20T08:50:56+00:00\",\"dateModified\":\"2025-05-13T07:29:20+00:00\",\"description\":\"\u00dcks suurimaid kaubanduskeskusi Ida-Virumaal. Enam kui 30 erinevat kauplust - toidukaubad, restoranid, ilukaubad, r\u00f5ivad, jalan\u00f5ud, elektroonika, ehitusmaterjalid ja palju muud. Oleme avatud iga p\u00e4ev 8-st kuni 22-ni.\",\"breadcrumb\":{\"@id\":\"https:\/\/vironiakeskus.ee\/ru\/%d1%81%d0%b2%d0%be%d0%b1%d0%be%d0%b4%d0%bd%d1%8b%d0%b5-%d0%bf%d0%bb%d0%be%d1%89%d0%b0%d0%b4%d0%b8\/#breadcrumb\"},\"inLanguage\":\"ru-RU\",\"potentialAction\":[{\"@type\":\"ReadAction\",\"target\":[\"https:\/\/vironiakeskus.ee\/ru\/%d1%81%d0%b2%d0%be%d0%b1%d0%be%d0%b4%d0%bd%d1%8b%d0%b5-%d0%bf%d0%bb%d0%be%d1%89%d0%b0%d0%b4%d0%b8\/\"]}]},{\"@type\":\"BreadcrumbList\",\"@id\":\"https:\/\/vironiakeskus.ee\/ru\/%d1%81%d0%b2%d0%be%d0%b1%d0%be%d0%b4%d0%bd%d1%8b%d0%b5-%d0%bf%d0%bb%d0%be%d1%89%d0%b0%d0%b4%d0%b8\/#breadcrumb\",\"itemListElement\":[{\"@type\":\"ListItem\",\"position\":1,\"name\":\"\u0413\u043b\u0430\u0432\u043d\u0430\u044f\",\"item\":\"https:\/\/vironiakeskus.ee\/ru\/\"},{\"@type\":\"ListItem\",\"position\":2,\"name\":\"\u0421\u0432\u043e\u0431\u043e\u0434\u043d\u044b\u0435 \u043f\u043b\u043e\u0449\u0430\u0434\u0438\"}]},{\"@type\":\"WebSite\",\"@id\":\"https:\/\/vironiakeskus.ee\/ru\/#website\",\"url\":\"https:\/\/vironiakeskus.ee\/ru\/\",\"name\":\"\u0426\u0435\u043d\u0442\u0435\u0440 Vironia\",\"description\":\"\u0414\u0435\u043b\u0430\u0439\u0442\u0435 \u043f\u043e\u043a\u0443\u043f\u043a\u0438 \u0443 \u043d\u0430\u0441!\",\"potentialAction\":[{\"@type\":\"SearchAction\",\"target\":{\"@type\":\"EntryPoint\",\"urlTemplate\":\"https:\/\/vironiakeskus.ee\/ru\/?s={search_term_string}\"},\"query-input\":{\"@type\":\"PropertyValueSpecification\",\"valueRequired\":true,\"valueName\":\"search_term_string\"}}],\"inLanguage\":\"ru-RU\"}]}<\/script>\n<!-- \/ Yoast SEO plugin. -->","yoast_head_json":{"title":"\u0421\u0432\u043e\u0431\u043e\u0434\u043d\u044b\u0435 \u043f\u043b\u043e\u0449\u0430\u0434\u0438 | \u0426\u0435\u043d\u0442\u0435\u0440 Vironia","description":"\u00dcks suurimaid kaubanduskeskusi Ida-Virumaal. Enam kui 30 erinevat kauplust - toidukaubad, restoranid, ilukaubad, r\u00f5ivad, jalan\u00f5ud, elektroonika, ehitusmaterjalid ja palju muud. Oleme avatud iga p\u00e4ev 8-st kuni 22-ni.","robots":{"index":"index","follow":"follow","max-snippet":"max-snippet:-1","max-image-preview":"max-image-preview:large","max-video-preview":"max-video-preview:-1"},"canonical":"https:\/\/vironiakeskus.ee\/ru\/%d1%81%d0%b2%d0%be%d0%b1%d0%be%d0%b4%d0%bd%d1%8b%d0%b5-%d0%bf%d0%bb%d0%be%d1%89%d0%b0%d0%b4%d0%b8\/","og_locale":"ru_RU","og_type":"article","og_title":"\u0421\u0432\u043e\u0431\u043e\u0434\u043d\u044b\u0435 \u043f\u043b\u043e\u0449\u0430\u0434\u0438 | \u0426\u0435\u043d\u0442\u0435\u0440 Vironia","og_description":"\u00dcks suurimaid kaubanduskeskusi Ida-Virumaal. Enam kui 30 erinevat kauplust - toidukaubad, restoranid, ilukaubad, r\u00f5ivad, jalan\u00f5ud, elektroonika, ehitusmaterjalid ja palju muud. Oleme avatud iga p\u00e4ev 8-st kuni 22-ni.","og_url":"https:\/\/vironiakeskus.ee\/ru\/%d1%81%d0%b2%d0%be%d0%b1%d0%be%d0%b4%d0%bd%d1%8b%d0%b5-%d0%bf%d0%bb%d0%be%d1%89%d0%b0%d0%b4%d0%b8\/","og_site_name":"\u0426\u0435\u043d\u0442\u0435\u0440 Vironia","article_modified_time":"2025-05-13T07:29:20+00:00","twitter_card":"summary_large_image","twitter_misc":{"\u041f\u0440\u0438\u043c\u0435\u0440\u043d\u043e\u0435 \u0432\u0440\u0435\u043c\u044f \u0434\u043b\u044f \u0447\u0442\u0435\u043d\u0438\u044f":"1 \u043c\u0438\u043d\u0443\u0442\u0430"},"schema":{"@context":"https:\/\/schema.org","@graph":[{"@type":"WebPage","@id":"https:\/\/vironiakeskus.ee\/ru\/%d1%81%d0%b2%d0%be%d0%b1%d0%be%d0%b4%d0%bd%d1%8b%d0%b5-%d0%bf%d0%bb%d0%be%d1%89%d0%b0%d0%b4%d0%b8\/","url":"https:\/\/vironiakeskus.ee\/ru\/%d1%81%d0%b2%d0%be%d0%b1%d0%be%d0%b4%d0%bd%d1%8b%d0%b5-%d0%bf%d0%bb%d0%be%d1%89%d0%b0%d0%b4%d0%b8\/","name":"\u0421\u0432\u043e\u0431\u043e\u0434\u043d\u044b\u0435 \u043f\u043b\u043e\u0449\u0430\u0434\u0438 | \u0426\u0435\u043d\u0442\u0435\u0440 Vironia","isPartOf":{"@id":"https:\/\/vironiakeskus.ee\/ru\/#website"},"datePublished":"2015-04-20T08:50:56+00:00","dateModified":"2025-05-13T07:29:20+00:00","description":"\u00dcks suurimaid kaubanduskeskusi Ida-Virumaal. Enam kui 30 erinevat kauplust - toidukaubad, restoranid, ilukaubad, r\u00f5ivad, jalan\u00f5ud, elektroonika, ehitusmaterjalid ja palju muud. Oleme avatud iga p\u00e4ev 8-st kuni 22-ni.","breadcrumb":{"@id":"https:\/\/vironiakeskus.ee\/ru\/%d1%81%d0%b2%d0%be%d0%b1%d0%be%d0%b4%d0%bd%d1%8b%d0%b5-%d0%bf%d0%bb%d0%be%d1%89%d0%b0%d0%b4%d0%b8\/#breadcrumb"},"inLanguage":"ru-RU","potentialAction":[{"@type":"ReadAction","target":["https:\/\/vironiakeskus.ee\/ru\/%d1%81%d0%b2%d0%be%d0%b1%d0%be%d0%b4%d0%bd%d1%8b%d0%b5-%d0%bf%d0%bb%d0%be%d1%89%d0%b0%d0%b4%d0%b8\/"]}]},{"@type":"BreadcrumbList","@id":"https:\/\/vironiakeskus.ee\/ru\/%d1%81%d0%b2%d0%be%d0%b1%d0%be%d0%b4%d0%bd%d1%8b%d0%b5-%d0%bf%d0%bb%d0%be%d1%89%d0%b0%d0%b4%d0%b8\/#breadcrumb","itemListElement":[{"@type":"ListItem","position":1,"name":"\u0413\u043b\u0430\u0432\u043d\u0430\u044f","item":"https:\/\/vironiakeskus.ee\/ru\/"},{"@type":"ListItem","position":2,"name":"\u0421\u0432\u043e\u0431\u043e\u0434\u043d\u044b\u0435 \u043f\u043b\u043e\u0449\u0430\u0434\u0438"}]},{"@type":"WebSite","@id":"https:\/\/vironiakeskus.ee\/ru\/#website","url":"https:\/\/vironiakeskus.ee\/ru\/","name":"\u0426\u0435\u043d\u0442\u0435\u0440 Vironia","description":"\u0414\u0435\u043b\u0430\u0439\u0442\u0435 \u043f\u043e\u043a\u0443\u043f\u043a\u0438 \u0443 \u043d\u0430\u0441!","potentialAction":[{"@type":"SearchAction","target":{"@type":"EntryPoint","urlTemplate":"https:\/\/vironiakeskus.ee\/ru\/?s={search_term_string}"},"query-input":{"@type":"PropertyValueSpecification","valueRequired":true,"valueName":"search_term_string"}}],"inLanguage":"ru-RU"}]}},"_links":{"self":[{"href":"https:\/\/vironiakeskus.ee\/ru\/wp-json\/wp\/v2\/pages\/26402","targetHints":{"allow":["GET"]}}],"collection":[{"href":"https:\/\/vironiakeskus.ee\/ru\/wp-json\/wp\/v2\/pages"}],"about":[{"href":"https:\/\/vironiakeskus.ee\/ru\/wp-json\/wp\/v2\/types\/page"}],"author":[{"embeddable":true,"href":"https:\/\/vironiakeskus.ee\/ru\/wp-json\/wp\/v2\/users\/1"}],"replies":[{"embeddable":true,"href":"https:\/\/vironiakeskus.ee\/ru\/wp-json\/wp\/v2\/comments?post=26402"}],"version-history":[{"count":8,"href":"https:\/\/vironiakeskus.ee\/ru\/wp-json\/wp\/v2\/pages\/26402\/revisions"}],"predecessor-version":[{"id":39282,"href":"https:\/\/vironiakeskus.ee\/ru\/wp-json\/wp\/v2\/pages\/26402\/revisions\/39282"}],"wp:attachment":[{"href":"https:\/\/vironiakeskus.ee\/ru\/wp-json\/wp\/v2\/media?parent=26402"}],"curies":[{"name":"wp","href":"https:\/\/api.w.org\/{rel}","templated":true}]}}