{"id":32588,"date":"2024-02-07T07:45:57","date_gmt":"2024-02-07T07:45:57","guid":{"rendered":"https:\/\/vironiakeskus.ee\/maailma-lilled\/"},"modified":"2025-02-04T12:09:00","modified_gmt":"2025-02-04T10:09:00","slug":"maailma-lilled","status":"publish","type":"page","link":"https:\/\/vironiakeskus.ee\/ru\/maailma-lilled\/","title":{"rendered":"Maailma Lilled"},"content":{"rendered":"<style type=\"text\/css\"> \n#cmsmasters_row_69e0925c243c32_39506136 .cmsmasters_row_outer_parent { \n\tpadding-top: 50px; \n} \n\n#cmsmasters_row_69e0925c243c32_39506136 .cmsmasters_row_outer_parent { \n\tpadding-bottom: 55px; \n} \n\n \n#cmsmasters_heading_69e0925c244284_77678172 { \n\ttext-align:left; \n\tmargin-top:30px; \n\tmargin-bottom:10px; \n} \n\n#cmsmasters_heading_69e0925c244284_77678172 .cmsmasters_heading { \n\ttext-align:left; \n} \n\n#cmsmasters_heading_69e0925c244284_77678172 .cmsmasters_heading, #cmsmasters_heading_69e0925c244284_77678172 .cmsmasters_heading a { \n\tfont-weight:700; \n\tfont-style:normal; \n} \n\n#cmsmasters_heading_69e0925c244284_77678172 .cmsmasters_heading_divider { \n} \n\n \n#cmsmasters_heading_69e0925c244391_73662362 { \n\ttext-align:left; \n\tmargin-top:0px; \n\tmargin-bottom:10px; \n} \n\n#cmsmasters_heading_69e0925c244391_73662362 .cmsmasters_heading { \n\ttext-align:left; \n} \n\n#cmsmasters_heading_69e0925c244391_73662362 .cmsmasters_heading, #cmsmasters_heading_69e0925c244391_73662362 .cmsmasters_heading a { \n\tfont-weight:700; \n\tfont-style:normal; \n} \n\n#cmsmasters_heading_69e0925c244391_73662362 .cmsmasters_heading_divider { \n} \n\n \n#cmsmasters_heading_69e0925c244466_41684017 { \n\ttext-align:left; \n\tmargin-top:0px; \n\tmargin-bottom:30px; \n} \n\n#cmsmasters_heading_69e0925c244466_41684017 .cmsmasters_heading { \n\ttext-align:left; \n} \n\n#cmsmasters_heading_69e0925c244466_41684017 .cmsmasters_heading, #cmsmasters_heading_69e0925c244466_41684017 .cmsmasters_heading a { \n\tfont-weight:700; \n\tfont-style:normal; \n} \n\n#cmsmasters_heading_69e0925c244466_41684017 .cmsmasters_heading_divider { \n} \n\n \n#cmsmasters_heading_69e0925c244525_73754704 { \n\ttext-align:left; \n\tmargin-top:0px; \n\tmargin-bottom:10px; \n} \n\n#cmsmasters_heading_69e0925c244525_73754704 .cmsmasters_heading { \n\ttext-align:left; \n} \n\n#cmsmasters_heading_69e0925c244525_73754704 .cmsmasters_heading, #cmsmasters_heading_69e0925c244525_73754704 .cmsmasters_heading a { \n\tfont-weight:700; \n\tfont-style:normal; \n} \n\n#cmsmasters_heading_69e0925c244525_73754704 .cmsmasters_heading_divider { \n} \n\n \n#cmsmasters_heading_69e0925c2445f8_25147787 { \n\ttext-align:left; \n\tmargin-top:0px; \n\tmargin-bottom:30px; \n} \n\n#cmsmasters_heading_69e0925c2445f8_25147787 .cmsmasters_heading { \n\ttext-align:left; \n} \n\n#cmsmasters_heading_69e0925c2445f8_25147787 .cmsmasters_heading, #cmsmasters_heading_69e0925c2445f8_25147787 .cmsmasters_heading a { \n\tfont-weight:700; \n\tfont-style:normal; \n} \n\n#cmsmasters_heading_69e0925c2445f8_25147787 .cmsmasters_heading_divider { \n} \n\n \n#cmsmasters_heading_69e0925c2446f4_94254610 { \n\ttext-align:left; \n\tmargin-top:0px; \n\tmargin-bottom:50px; \n} \n\n#cmsmasters_heading_69e0925c2446f4_94254610 .cmsmasters_heading { \n\ttext-align:left; \n} \n\n#cmsmasters_heading_69e0925c2446f4_94254610 .cmsmasters_heading, #cmsmasters_heading_69e0925c2446f4_94254610 .cmsmasters_heading a { \n\tfont-weight:700; \n\tfont-style:normal; \n} \n\n#cmsmasters_heading_69e0925c2446f4_94254610 .cmsmasters_heading_divider { \n} \n\n \n#cmsmasters_heading_69e0925c244b71_54445031 { \n\ttext-align:left; \n\tmargin-top:0px; \n\tmargin-bottom:20px; \n} \n\n#cmsmasters_heading_69e0925c244b71_54445031 .cmsmasters_heading { \n\ttext-align:left; \n} \n\n#cmsmasters_heading_69e0925c244b71_54445031 .cmsmasters_heading, #cmsmasters_heading_69e0925c244b71_54445031 .cmsmasters_heading a { \n\tfont-weight:700; \n\tfont-style:normal; \n} \n\n#cmsmasters_heading_69e0925c244b71_54445031 .cmsmasters_heading_divider { \n} \n\n \n#cmsmasters_divider_69e0925c244c65_24200625 { \n\tborder-bottom-width:1px; \n\tborder-bottom-style:solid; \n\tpadding-top:0px; \n\tmargin-bottom:30px; \n} \n \n#cmsmasters_divider_69e0925c245fa1_24511442 { \n\tborder-bottom-width:0px; \n\tborder-bottom-style:solid; \n\tpadding-top:0px; \n\tmargin-bottom:20px; \n} \n\r\n\t\t\t\t#cmsmasters_gallery_69e0925c2460e8_32420474 .cmsmasters_gallery {\r\n\t\t\t\t\tmargin:0 0 0 -15px;\r\n\t\t\t\t}\r\n\t\t\t\t\r\n\t\t\t\t#cmsmasters_gallery_69e0925c2460e8_32420474 .cmsmasters_gallery .cmsmasters_gallery_item {\r\n\t\t\t\t\tpadding:0 0 15px 15px;\r\n\t\t\t\t}\r\n\t\t\t<\/style><div id=\"cmsmasters_row_69e0925c243c32_39506136\" class=\"cmsmasters_row cmsmasters_color_scheme_default cmsmasters_row_top_default cmsmasters_row_bot_default cmsmasters_row_boxed\">\n<div class=\"cmsmasters_row_outer_parent\">\n<div class=\"cmsmasters_row_outer\">\n<div class=\"cmsmasters_row_inner\">\n<div class=\"cmsmasters_row_margin\">\n<div class=\"cmsmasters_column one_fourth\">\n\n<div id=\"cmsmasters_heading_69e0925c244284_77678172\" class=\"cmsmasters_heading_wrap cmsmasters_heading_align_left\">\n\t<h3 class=\"cmsmasters_heading\">\u041e\u0422\u041a\u0420\u042b\u0422:<\/h3>\n<\/div>\n<div id=\"cmsmasters_heading_69e0925c244391_73662362\" class=\"cmsmasters_heading_wrap cmsmasters_heading_align_left\">\n\t<h5 class=\"cmsmasters_heading\">\u041f\u043d-\u0421\u0431 9:00 &#8212; 20:00<\/h5>\n<\/div>\n<div id=\"cmsmasters_heading_69e0925c244466_41684017\" class=\"cmsmasters_heading_wrap cmsmasters_heading_align_left\">\n\t<h5 class=\"cmsmasters_heading\">\u0412\u0441 09:00 &#8212; 18:00<\/h5>\n<\/div>\n<div id=\"cmsmasters_heading_69e0925c244525_73754704\" class=\"cmsmasters_heading_wrap cmsmasters_heading_align_left\">\n\t<h3 class=\"cmsmasters_heading\">\u041a\u041e\u041d\u0422\u0410\u041a\u0422\u042b:<\/h3>\n<\/div>\n<div id=\"cmsmasters_heading_69e0925c2445f8_25147787\" class=\"cmsmasters_heading_wrap cmsmasters_heading_align_left\">\n\t<h5 class=\"cmsmasters_heading\"><a href=\"tel:+3723225445\">+372 5837 0517<\/a><\/h5>\n<\/div>\n<div id=\"cmsmasters_heading_69e0925c2446f4_94254610\" class=\"cmsmasters_heading_wrap cmsmasters_heading_align_left\">\n\t<h5 class=\"cmsmasters_heading\"><\/h5>\n<\/div>\n<\/div>\n<div class=\"cmsmasters_column three_fourth\">\n\n<div id=\"cmsmasters_heading_69e0925c244b71_54445031\" class=\"cmsmasters_heading_wrap cmsmasters_heading_align_left\">\n\t<h1 class=\"cmsmasters_heading\">Maailma Lilled<\/h1>\n<\/div>\n\n<div id=\"cmsmasters_divider_69e0925c244c65_24200625\" class=\"cmsmasters_divider cmsmasters_divider_width_long cmsmasters_divider_pos_center\"><\/div>\n<div class=\"cmsmasters_text\">\n<p><\/p>\n<\/div>\n<div class=\"cmsmasters_img  cmsmasters_image_n\">\n<a href=\"https:\/\/vironiakeskus.ee\/vironiakeskus-kaart\/?location=pind38\"><img decoding=\"async\" src=\"https:\/\/vironiakeskus.ee\/wp-content\/uploads\/2022\/07\/kaart_est-1.png\" \/><\/a>\n<\/div>\n\n<div id=\"cmsmasters_divider_69e0925c245fa1_24511442\" class=\"cl\"><\/div>\n<div id=\"cmsmasters_gallery_69e0925c2460e8_32420474\" class=\"cmsmasters_gallery_wrap\"><ul class=\"cmsmasters_gallery cmsmasters_3 cmsmasters_more_items_loader\"><li class=\"cmsmasters_gallery_item\"><figure><a href=\"\" rel=\"ilightbox[69e0925c2460e8_32420474]\"><\/a><\/figure><\/li><li class=\"cmsmasters_gallery_item\"><figure><a href=\"\" rel=\"ilightbox[69e0925c2460e8_32420474]\"><\/a><\/figure><\/li><li class=\"cmsmasters_gallery_item\"><figure><a href=\"\" rel=\"ilightbox[69e0925c2460e8_32420474]\"><\/a><\/figure><\/li><\/ul><script type=\"text\/javascript\">\r\n\t\t\t\tjQuery(document).ready(function () {\r\n\t\t\t\t\t(function ($) {\r\n\t\t\t\t\t\tif ($('#cmsmasters_gallery_69e0925c2460e8_32420474').find('.cmsmasters_gallery_item').length == '0') {\r\n\t\t\t\t\t\t\treturn false;\r\n\t\t\t\t\t\t}\r\n\t\t\t\t\t\t\r\n\t\t\t\t\t\t\r\n\t\t\t\t\t\tstartGallery( \r\n\t\t\t\t\t\t\t'69e0925c2460e8_32420474', \r\n\t\t\t\t\t\t\t'grid', \r\n\t\t\t\t\t\t\t'false', \r\n\t\t\t\t\t\t\t'false' \r\n\t\t\t\t\t\t);\r\n\t\t\t\t\t} )(jQuery);\r\n\t\t\t\t} );\r\n\t\t\t<\/script>\r\n\t\t\t<\/div>\n<\/div>\n<\/div>\n<\/div>\n<\/div>\n<\/div>\n<\/div>\n\n","protected":false},"excerpt":{"rendered":"","protected":false},"author":1,"featured_media":0,"parent":0,"menu_order":0,"comment_status":"closed","ping_status":"closed","template":"","meta":{"footnotes":""},"class_list":["post-32588","page","type-page","status-publish","hentry"],"yoast_head":"<!-- This site is optimized with the Yoast SEO plugin v25.9 - https:\/\/yoast.com\/wordpress\/plugins\/seo\/ -->\n<title>Maailma Lilled | \u0426\u0435\u043d\u0442\u0435\u0440 Vironia<\/title>\n<meta name=\"description\" content=\"\u00dcks suurimaid kaubanduskeskusi Ida-Virumaal. Enam kui 30 erinevat kauplust - toidukaubad, restoranid, ilukaubad, r\u00f5ivad, jalan\u00f5ud, elektroonika, ehitusmaterjalid ja palju muud. Oleme avatud iga p\u00e4ev 8-st kuni 22-ni.\" \/>\n<meta name=\"robots\" content=\"index, follow, max-snippet:-1, max-image-preview:large, max-video-preview:-1\" \/>\n<link rel=\"canonical\" href=\"https:\/\/vironiakeskus.ee\/ru\/maailma-lilled\/\" \/>\n<meta property=\"og:locale\" content=\"ru_RU\" \/>\n<meta property=\"og:type\" content=\"article\" \/>\n<meta property=\"og:title\" content=\"Maailma Lilled | \u0426\u0435\u043d\u0442\u0435\u0440 Vironia\" \/>\n<meta property=\"og:description\" content=\"\u00dcks suurimaid kaubanduskeskusi Ida-Virumaal. Enam kui 30 erinevat kauplust - toidukaubad, restoranid, ilukaubad, r\u00f5ivad, jalan\u00f5ud, elektroonika, ehitusmaterjalid ja palju muud. Oleme avatud iga p\u00e4ev 8-st kuni 22-ni.\" \/>\n<meta property=\"og:url\" content=\"https:\/\/vironiakeskus.ee\/ru\/maailma-lilled\/\" \/>\n<meta property=\"og:site_name\" content=\"\u0426\u0435\u043d\u0442\u0435\u0440 Vironia\" \/>\n<meta property=\"article:modified_time\" content=\"2025-02-04T10:09:00+00:00\" \/>\n<meta name=\"twitter:card\" content=\"summary_large_image\" \/>\n<meta name=\"twitter:label1\" content=\"\u041f\u0440\u0438\u043c\u0435\u0440\u043d\u043e\u0435 \u0432\u0440\u0435\u043c\u044f \u0434\u043b\u044f \u0447\u0442\u0435\u043d\u0438\u044f\" \/>\n\t<meta name=\"twitter:data1\" content=\"1 \u043c\u0438\u043d\u0443\u0442\u0430\" \/>\n<script type=\"application\/ld+json\" class=\"yoast-schema-graph\">{\"@context\":\"https:\/\/schema.org\",\"@graph\":[{\"@type\":\"WebPage\",\"@id\":\"https:\/\/vironiakeskus.ee\/ru\/maailma-lilled\/\",\"url\":\"https:\/\/vironiakeskus.ee\/ru\/maailma-lilled\/\",\"name\":\"Maailma Lilled | \u0426\u0435\u043d\u0442\u0435\u0440 Vironia\",\"isPartOf\":{\"@id\":\"https:\/\/vironiakeskus.ee\/ru\/#website\"},\"datePublished\":\"2024-02-07T07:45:57+00:00\",\"dateModified\":\"2025-02-04T10:09:00+00:00\",\"description\":\"\u00dcks suurimaid kaubanduskeskusi Ida-Virumaal. Enam kui 30 erinevat kauplust - toidukaubad, restoranid, ilukaubad, r\u00f5ivad, jalan\u00f5ud, elektroonika, ehitusmaterjalid ja palju muud. Oleme avatud iga p\u00e4ev 8-st kuni 22-ni.\",\"breadcrumb\":{\"@id\":\"https:\/\/vironiakeskus.ee\/ru\/maailma-lilled\/#breadcrumb\"},\"inLanguage\":\"ru-RU\",\"potentialAction\":[{\"@type\":\"ReadAction\",\"target\":[\"https:\/\/vironiakeskus.ee\/ru\/maailma-lilled\/\"]}]},{\"@type\":\"BreadcrumbList\",\"@id\":\"https:\/\/vironiakeskus.ee\/ru\/maailma-lilled\/#breadcrumb\",\"itemListElement\":[{\"@type\":\"ListItem\",\"position\":1,\"name\":\"\u0413\u043b\u0430\u0432\u043d\u0430\u044f\",\"item\":\"https:\/\/vironiakeskus.ee\/ru\/\"},{\"@type\":\"ListItem\",\"position\":2,\"name\":\"Maailma Lilled\"}]},{\"@type\":\"WebSite\",\"@id\":\"https:\/\/vironiakeskus.ee\/ru\/#website\",\"url\":\"https:\/\/vironiakeskus.ee\/ru\/\",\"name\":\"\u0426\u0435\u043d\u0442\u0435\u0440 Vironia\",\"description\":\"\u0414\u0435\u043b\u0430\u0439\u0442\u0435 \u043f\u043e\u043a\u0443\u043f\u043a\u0438 \u0443 \u043d\u0430\u0441!\",\"potentialAction\":[{\"@type\":\"SearchAction\",\"target\":{\"@type\":\"EntryPoint\",\"urlTemplate\":\"https:\/\/vironiakeskus.ee\/ru\/?s={search_term_string}\"},\"query-input\":{\"@type\":\"PropertyValueSpecification\",\"valueRequired\":true,\"valueName\":\"search_term_string\"}}],\"inLanguage\":\"ru-RU\"}]}<\/script>\n<!-- \/ Yoast SEO plugin. -->","yoast_head_json":{"title":"Maailma Lilled | \u0426\u0435\u043d\u0442\u0435\u0440 Vironia","description":"\u00dcks suurimaid kaubanduskeskusi Ida-Virumaal. Enam kui 30 erinevat kauplust - toidukaubad, restoranid, ilukaubad, r\u00f5ivad, jalan\u00f5ud, elektroonika, ehitusmaterjalid ja palju muud. Oleme avatud iga p\u00e4ev 8-st kuni 22-ni.","robots":{"index":"index","follow":"follow","max-snippet":"max-snippet:-1","max-image-preview":"max-image-preview:large","max-video-preview":"max-video-preview:-1"},"canonical":"https:\/\/vironiakeskus.ee\/ru\/maailma-lilled\/","og_locale":"ru_RU","og_type":"article","og_title":"Maailma Lilled | \u0426\u0435\u043d\u0442\u0435\u0440 Vironia","og_description":"\u00dcks suurimaid kaubanduskeskusi Ida-Virumaal. Enam kui 30 erinevat kauplust - toidukaubad, restoranid, ilukaubad, r\u00f5ivad, jalan\u00f5ud, elektroonika, ehitusmaterjalid ja palju muud. Oleme avatud iga p\u00e4ev 8-st kuni 22-ni.","og_url":"https:\/\/vironiakeskus.ee\/ru\/maailma-lilled\/","og_site_name":"\u0426\u0435\u043d\u0442\u0435\u0440 Vironia","article_modified_time":"2025-02-04T10:09:00+00:00","twitter_card":"summary_large_image","twitter_misc":{"\u041f\u0440\u0438\u043c\u0435\u0440\u043d\u043e\u0435 \u0432\u0440\u0435\u043c\u044f \u0434\u043b\u044f \u0447\u0442\u0435\u043d\u0438\u044f":"1 \u043c\u0438\u043d\u0443\u0442\u0430"},"schema":{"@context":"https:\/\/schema.org","@graph":[{"@type":"WebPage","@id":"https:\/\/vironiakeskus.ee\/ru\/maailma-lilled\/","url":"https:\/\/vironiakeskus.ee\/ru\/maailma-lilled\/","name":"Maailma Lilled | \u0426\u0435\u043d\u0442\u0435\u0440 Vironia","isPartOf":{"@id":"https:\/\/vironiakeskus.ee\/ru\/#website"},"datePublished":"2024-02-07T07:45:57+00:00","dateModified":"2025-02-04T10:09:00+00:00","description":"\u00dcks suurimaid kaubanduskeskusi Ida-Virumaal. Enam kui 30 erinevat kauplust - toidukaubad, restoranid, ilukaubad, r\u00f5ivad, jalan\u00f5ud, elektroonika, ehitusmaterjalid ja palju muud. Oleme avatud iga p\u00e4ev 8-st kuni 22-ni.","breadcrumb":{"@id":"https:\/\/vironiakeskus.ee\/ru\/maailma-lilled\/#breadcrumb"},"inLanguage":"ru-RU","potentialAction":[{"@type":"ReadAction","target":["https:\/\/vironiakeskus.ee\/ru\/maailma-lilled\/"]}]},{"@type":"BreadcrumbList","@id":"https:\/\/vironiakeskus.ee\/ru\/maailma-lilled\/#breadcrumb","itemListElement":[{"@type":"ListItem","position":1,"name":"\u0413\u043b\u0430\u0432\u043d\u0430\u044f","item":"https:\/\/vironiakeskus.ee\/ru\/"},{"@type":"ListItem","position":2,"name":"Maailma Lilled"}]},{"@type":"WebSite","@id":"https:\/\/vironiakeskus.ee\/ru\/#website","url":"https:\/\/vironiakeskus.ee\/ru\/","name":"\u0426\u0435\u043d\u0442\u0435\u0440 Vironia","description":"\u0414\u0435\u043b\u0430\u0439\u0442\u0435 \u043f\u043e\u043a\u0443\u043f\u043a\u0438 \u0443 \u043d\u0430\u0441!","potentialAction":[{"@type":"SearchAction","target":{"@type":"EntryPoint","urlTemplate":"https:\/\/vironiakeskus.ee\/ru\/?s={search_term_string}"},"query-input":{"@type":"PropertyValueSpecification","valueRequired":true,"valueName":"search_term_string"}}],"inLanguage":"ru-RU"}]}},"_links":{"self":[{"href":"https:\/\/vironiakeskus.ee\/ru\/wp-json\/wp\/v2\/pages\/32588","targetHints":{"allow":["GET"]}}],"collection":[{"href":"https:\/\/vironiakeskus.ee\/ru\/wp-json\/wp\/v2\/pages"}],"about":[{"href":"https:\/\/vironiakeskus.ee\/ru\/wp-json\/wp\/v2\/types\/page"}],"author":[{"embeddable":true,"href":"https:\/\/vironiakeskus.ee\/ru\/wp-json\/wp\/v2\/users\/1"}],"replies":[{"embeddable":true,"href":"https:\/\/vironiakeskus.ee\/ru\/wp-json\/wp\/v2\/comments?post=32588"}],"version-history":[{"count":3,"href":"https:\/\/vironiakeskus.ee\/ru\/wp-json\/wp\/v2\/pages\/32588\/revisions"}],"predecessor-version":[{"id":38285,"href":"https:\/\/vironiakeskus.ee\/ru\/wp-json\/wp\/v2\/pages\/32588\/revisions\/38285"}],"wp:attachment":[{"href":"https:\/\/vironiakeskus.ee\/ru\/wp-json\/wp\/v2\/media?parent=32588"}],"curies":[{"name":"wp","href":"https:\/\/api.w.org\/{rel}","templated":true}]}}